{"id":119,"date":"2022-08-03T18:21:02","date_gmt":"2022-08-03T18:21:02","guid":{"rendered":"https:\/\/stuaalborg.wpengine.com\/?page_id=119"},"modified":"2026-03-10T12:18:52","modified_gmt":"2026-03-10T12:18:52","slug":"info-til-myndighed","status":"publish","type":"page","link":"https:\/\/stuaalborg.dk\/index.php\/info-til-myndighed\/","title":{"rendered":"Info til myndighed"},"content":{"rendered":"<p><div class=\"fusion-fullwidth fullwidth-box fusion-builder-row-1 fusion-flex-container has-pattern-background has-mask-background nonhundred-percent-fullwidth non-hundred-percent-height-scrolling\" style=\"--awb-border-radius-top-left:0px;--awb-border-radius-top-right:0px;--awb-border-radius-bottom-right:0px;--awb-border-radius-bottom-left:0px;--awb-flex-wrap:wrap;\" ><div class=\"fusion-builder-row fusion-row fusion-flex-align-items-flex-start fusion-flex-content-wrap\" style=\"max-width:1248px;margin-left: calc(-4% \/ 2 );margin-right: calc(-4% \/ 2 );\"><div class=\"fusion-layout-column fusion_builder_column fusion-builder-column-0 fusion_builder_column_1_2 1_2 fusion-flex-column\" style=\"--awb-bg-size:cover;--awb-width-large:50%;--awb-margin-top-large:0px;--awb-spacing-right-large:3.84%;--awb-margin-bottom-large:20px;--awb-spacing-left-large:3.84%;--awb-width-medium:50%;--awb-order-medium:0;--awb-spacing-right-medium:3.84%;--awb-spacing-left-medium:3.84%;--awb-width-small:100%;--awb-order-small:0;--awb-spacing-right-small:1.92%;--awb-spacing-left-small:1.92%;\"><div class=\"fusion-column-wrapper fusion-column-has-shadow fusion-flex-justify-content-flex-start fusion-content-layout-column\"><div class=\"fusion-text fusion-text-1\"><h1>Info til myndighed<\/h1>\n<h3>Forl\u00f8b og m\u00e5lgrupper<\/h3>\n<p>Overordnet henvender vi os til unge og voksne i alderen fra 16\u00a0til 28 \u00e5r, som har behov for ekstra og s\u00e6rlig tilrettelagt st\u00f8tte til uddannelse, afklaring og udvikling af arbejds- og funktionsevne, besk\u00e6ftigelse og selvst\u00e6ndig livsf\u00f8relse.<\/p>\n<p>Dagsforl\u00f8bende er individuelt tilrettelagt og tager afs\u00e6t i vores interne v\u00e6rksteder med efterf\u00f8lgende virksomhedspraktik. Form\u00e5let med et forl\u00f8b er at afd\u00e6kke fremtidige besk\u00e6ftigelsesmuligheder og st\u00f8tte eleverne ind eller tilbage p\u00e5 arbejdsmarkedet. Botr\u00e6ningsforl\u00f8bene er ligeledes individuelt tilrettelagt og sigter mod s\u00e5 selvst\u00e6ndig en livsf\u00f8relse som muligt.<\/p>\n<h3>Forl\u00f8bene er med udgangspunkt i f\u00f8lgende lovgivning<\/h3>\n<ul>\n<li><a href=\"https:\/\/www.uvm.dk\/saerligt-tilrettelagt-ungdomsuddannelse\">Lov om STU<\/a><\/li>\n<li><a href=\"https:\/\/danskelove.dk\/serviceloven\">Servicelovens<\/a>\u00a0\u00a785, \u00a752 eller \u00a776 ift. individuel socialp\u00e6dagogisk st\u00f8tte<\/li>\n<li>Beskyttet besk\u00e6ftigelse efter\u00a0<a href=\"https:\/\/danskelove.dk\/serviceloven\">servicelovens<\/a>\u00a0\u00a7103 og 104.<\/li>\n<li><a href=\"https:\/\/www.retsinformation.dk\/eli\/lta\/2019\/548\">Lov om aktiv besk\u00e6ftigelse<\/a>\u00a0\u00a732 og \u00a768<\/li>\n<\/ul>\n<h3>M\u00e5lgruppe<\/h3>\n<p>Vores tilbud er rettet mod unge, der har behov for tr\u00e6ning i at bo, arbejde og uddanne sig under forhold, der er tilpasset deres s\u00e6rlige foruds\u00e6tninger.<\/p>\n<p>Lille Vildmose STU er m\u00e5lrettet<\/p>\n<ul>\n<li>Normalt begavede unge med sociale problemer.<\/li>\n<li>Unge med medf\u00f8dt eller erhvervet nedsat kognitiv funktionsevne.<\/li>\n<li>Unge med generelle indl\u00e6ringsvanskeligheder\/sent udviklede.<\/li>\n<li>Unge med svage sociale kompetencer, psykisk umodne.<\/li>\n<li>Unge med intellektuelle vanskeligheder.<\/li>\n<\/ul>\n<h3>Botr\u00e6ning<\/h3>\n<p>Generelt kan eleverne beskrives som unge mellem 16 og 25 \u00e5r med medf\u00f8dt eller erhvervet nedsat kognitiv og\/eller fysisk funktionsevne.<\/p>\n<p>M\u00e5lgruppen har ofte en varig nedsat funktionsevne. Derfor bestr\u00e6ber vi os p\u00e5 at skabe kompenserende strategier og f\u00e6rdigheder. Dog er det en foruds\u00e6tning, at den enkelte unge til en vis grad er selvhjulpen.<\/p>\n<p>Den unge skal v\u00e6re fysisk mobil og kunne v\u00e6re alene om natten, i weekends samt i kortere ferier. Vores tilbud er ogs\u00e5 m\u00e5lrettet unge med en gennemsnitlig kognitiv funktionsevne, hvor de s\u00e6rlige st\u00f8ttebehov er betinget af psykosociale forhold gennem opv\u00e6kst og ungdom, hvor en m\u00e5lrettet socialp\u00e6dagogisk indsats i botr\u00e6ningen kan bibringe den unge norml\u00e6ring, personlige udvikling og nye mestringsstrategier.<\/p>\n<h3>Unge med f\u00f8lgende problemstillinger kan komme i betragtning i vores tilbud:<\/h3>\n<ul>\n<li>Generelle eller specifikke indl\u00e6ringsvanskeligheder.<\/li>\n<li>Ikke alderssvarende udvikling.<\/li>\n<li>Milde former for angst.<\/li>\n<li>Aspergers syndrom.<\/li>\n<li>ADHD og opm\u00e6rksomhedsforstyrrelser.<\/li>\n<li>Tidlige f\u00f8lelsesm\u00e6ssige skader*.<\/li>\n<li>Tilknytningsforstyrrelser*.<\/li>\n<li>Specifikke emotionelle, sociale og personlige vanskeligheder.<\/li>\n<li>Medf\u00f8dt eller erhvervet hjerneskade.<\/li>\n<\/ul>\n<p>Unge der har adf\u00e6rdsproblemer s\u00e5som: vold\/truende adf\u00e6rd, kriminalitet og misbrug kan ikke bo i vores tilbud.<\/p>\n<\/div><\/div><\/div><div class=\"fusion-layout-column fusion_builder_column fusion-builder-column-1 fusion_builder_column_1_2 1_2 fusion-flex-column\" style=\"--awb-bg-size:cover;--awb-width-large:50%;--awb-margin-top-large:0px;--awb-spacing-right-large:3.84%;--awb-margin-bottom-large:20px;--awb-spacing-left-large:3.84%;--awb-width-medium:50%;--awb-order-medium:0;--awb-spacing-right-medium:3.84%;--awb-spacing-left-medium:3.84%;--awb-width-small:100%;--awb-order-small:0;--awb-spacing-right-small:1.92%;--awb-spacing-left-small:1.92%;\"><div class=\"fusion-column-wrapper fusion-column-has-shadow fusion-flex-justify-content-flex-start fusion-content-layout-column\"><i class=\"fb-icon-element-1 fb-icon-element fontawesome-icon fa-info-circle fas circle-no\" style=\"--awb-font-size:250px;--awb-margin-top:0;--awb-margin-right:0;--awb-margin-bottom:0;--awb-margin-left:0;--awb-align-self:center;\"><\/i><div class=\"fusion-text fusion-text-2\"><h3><strong>Visitation<\/strong><\/h3>\n<p>Forud for opstart af et botr\u00e6ningsforl\u00f8b eller dagsforl\u00f8b sker der altid en visitation. Dette sker, da det er afg\u00f8rende at sikre, at den enkelte unge er indenfor vores m\u00e5lgruppe, og at vi kan tilbyde det rette forl\u00f8b.<\/p>\n<h4>Proceduren er ofte s\u00e5ledes:<\/h4>\n<ol>\n<li>R\u00e5dgiver kontakter skolen og fremsender evt. handleplan\/VUM<\/li>\n<li>R\u00e5dgiver f\u00e5r melding tilbage om tilbuddet kan matche elevens behov.<\/li>\n<li>Eleven bes\u00f8ger skolen og f\u00e5r en rundvisning.<\/li>\n<li>Opstartsdato findes og aftaler om eventuel indskrivningssamtale laves.<\/li>\n<li>Opf\u00f8lgningsm\u00f8de senest 3 m\u00e5neder efter indflytning, hvor planen evalueres og evt. tilrettes.<\/li>\n<\/ol>\n<p>Forud for opstart af et af vores dagtilbud sker der altid en visitation fra r\u00e5dgiver\/uu-vejleder<\/p>\n<ol>\n<li>R\u00e5dgiver\/uu-vejleder kontakter skolen og fremsender evt. uddannelsesplan.<\/li>\n<li>Eleven bes\u00f8ger skolen og f\u00e5r en rundvisning.<\/li>\n<li>Evt. aftale om et praktikforl\u00f8b inden evt. opstart. Praktikforl\u00f8bet kan vare fra en dag og op til en uge.<\/li>\n<li>Efterf\u00f8lgende praktikopholdet, evalueres praktikken, og der tages stilling til, om et forl\u00f8b skal iv\u00e6rks\u00e6ttes.<\/li>\n<li>Opstartsdato og aftaler om eventuel indskrivningssamtale laves.<\/li>\n<li>Afklaringsperiode \u2013 alt efter forl\u00f8bstype, vil det v\u00e6re mellem 4 \u2013 12 uger.<\/li>\n<\/ol>\n<h4>For n\u00e6rmere oplysninger<\/h4>\n<p>For n\u00e6rmere oplysninger omkring\u00a0prisen eller mere information omkring vores tilbud kontakt uddannelsesleder Stefan Andreas Joensen &#8211; saj@aalborg.dk<\/p>\n<\/div><\/div><\/div><\/div><\/div><div class=\"fusion-fullwidth fullwidth-box fusion-builder-row-2 fusion-flex-container has-pattern-background has-mask-background nonhundred-percent-fullwidth non-hundred-percent-height-scrolling\" style=\"--awb-border-radius-top-left:0px;--awb-border-radius-top-right:0px;--awb-border-radius-bottom-right:0px;--awb-border-radius-bottom-left:0px;--awb-flex-wrap:wrap;\" ><div class=\"fusion-builder-row fusion-row fusion-flex-align-items-flex-start fusion-flex-content-wrap\" style=\"max-width:1248px;margin-left: calc(-4% \/ 2 );margin-right: calc(-4% \/ 2 );\"><\/div><\/div><\/p>\n","protected":false},"excerpt":{"rendered":"","protected":false},"author":1,"featured_media":0,"parent":0,"menu_order":0,"comment_status":"closed","ping_status":"closed","template":"","meta":{"inline_featured_image":false,"footnotes":""},"class_list":["post-119","page","type-page","status-publish","hentry"],"yoast_head":"<!-- This site is optimized with the Yoast SEO plugin v26.9 - https:\/\/yoast.com\/product\/yoast-seo-wordpress\/ -->\n<title>Info til myndighed - STU Aalborg<\/title>\n<meta name=\"robots\" content=\"index, follow, max-snippet:-1, max-image-preview:large, max-video-preview:-1\" \/>\n<link rel=\"canonical\" href=\"https:\/\/stuaalborg.dk\/index.php\/info-til-myndighed\/\" \/>\n<meta property=\"og:locale\" content=\"da_DK\" \/>\n<meta property=\"og:type\" content=\"article\" \/>\n<meta property=\"og:title\" content=\"Info til myndighed - STU Aalborg\" \/>\n<meta property=\"og:url\" content=\"https:\/\/stuaalborg.dk\/index.php\/info-til-myndighed\/\" \/>\n<meta property=\"og:site_name\" content=\"STU Aalborg\" \/>\n<meta property=\"article:modified_time\" content=\"2026-03-10T12:18:52+00:00\" \/>\n<meta name=\"twitter:card\" content=\"summary_large_image\" \/>\n<meta name=\"twitter:label1\" content=\"Estimeret l\u00e6setid\" \/>\n\t<meta name=\"twitter:data1\" content=\"3 minutter\" \/>\n<script type=\"application\/ld+json\" class=\"yoast-schema-graph\">{\"@context\":\"https:\/\/schema.org\",\"@graph\":[{\"@type\":\"WebPage\",\"@id\":\"https:\/\/stuaalborg.dk\/index.php\/info-til-myndighed\/\",\"url\":\"https:\/\/stuaalborg.dk\/index.php\/info-til-myndighed\/\",\"name\":\"Info til myndighed - STU Aalborg\",\"isPartOf\":{\"@id\":\"https:\/\/stuaalborg.dk\/#website\"},\"datePublished\":\"2022-08-03T18:21:02+00:00\",\"dateModified\":\"2026-03-10T12:18:52+00:00\",\"breadcrumb\":{\"@id\":\"https:\/\/stuaalborg.dk\/index.php\/info-til-myndighed\/#breadcrumb\"},\"inLanguage\":\"da-DK\",\"potentialAction\":[{\"@type\":\"ReadAction\",\"target\":[\"https:\/\/stuaalborg.dk\/index.php\/info-til-myndighed\/\"]}]},{\"@type\":\"BreadcrumbList\",\"@id\":\"https:\/\/stuaalborg.dk\/index.php\/info-til-myndighed\/#breadcrumb\",\"itemListElement\":[{\"@type\":\"ListItem\",\"position\":1,\"name\":\"Hjem\",\"item\":\"https:\/\/stuaalborg.dk\/\"},{\"@type\":\"ListItem\",\"position\":2,\"name\":\"Info til myndighed\"}]},{\"@type\":\"WebSite\",\"@id\":\"https:\/\/stuaalborg.dk\/#website\",\"url\":\"https:\/\/stuaalborg.dk\/\",\"name\":\"STU Aalborg\",\"description\":\"En del af FGU Aalborg, selvom det ligger i Lille Vildmose\",\"potentialAction\":[{\"@type\":\"SearchAction\",\"target\":{\"@type\":\"EntryPoint\",\"urlTemplate\":\"https:\/\/stuaalborg.dk\/?s={search_term_string}\"},\"query-input\":{\"@type\":\"PropertyValueSpecification\",\"valueRequired\":true,\"valueName\":\"search_term_string\"}}],\"inLanguage\":\"da-DK\"}]}<\/script>\n<!-- \/ Yoast SEO plugin. -->","yoast_head_json":{"title":"Info til myndighed - STU Aalborg","robots":{"index":"index","follow":"follow","max-snippet":"max-snippet:-1","max-image-preview":"max-image-preview:large","max-video-preview":"max-video-preview:-1"},"canonical":"https:\/\/stuaalborg.dk\/index.php\/info-til-myndighed\/","og_locale":"da_DK","og_type":"article","og_title":"Info til myndighed - STU Aalborg","og_url":"https:\/\/stuaalborg.dk\/index.php\/info-til-myndighed\/","og_site_name":"STU Aalborg","article_modified_time":"2026-03-10T12:18:52+00:00","twitter_card":"summary_large_image","twitter_misc":{"Estimeret l\u00e6setid":"3 minutter"},"schema":{"@context":"https:\/\/schema.org","@graph":[{"@type":"WebPage","@id":"https:\/\/stuaalborg.dk\/index.php\/info-til-myndighed\/","url":"https:\/\/stuaalborg.dk\/index.php\/info-til-myndighed\/","name":"Info til myndighed - STU Aalborg","isPartOf":{"@id":"https:\/\/stuaalborg.dk\/#website"},"datePublished":"2022-08-03T18:21:02+00:00","dateModified":"2026-03-10T12:18:52+00:00","breadcrumb":{"@id":"https:\/\/stuaalborg.dk\/index.php\/info-til-myndighed\/#breadcrumb"},"inLanguage":"da-DK","potentialAction":[{"@type":"ReadAction","target":["https:\/\/stuaalborg.dk\/index.php\/info-til-myndighed\/"]}]},{"@type":"BreadcrumbList","@id":"https:\/\/stuaalborg.dk\/index.php\/info-til-myndighed\/#breadcrumb","itemListElement":[{"@type":"ListItem","position":1,"name":"Hjem","item":"https:\/\/stuaalborg.dk\/"},{"@type":"ListItem","position":2,"name":"Info til myndighed"}]},{"@type":"WebSite","@id":"https:\/\/stuaalborg.dk\/#website","url":"https:\/\/stuaalborg.dk\/","name":"STU Aalborg","description":"En del af FGU Aalborg, selvom det ligger i Lille Vildmose","potentialAction":[{"@type":"SearchAction","target":{"@type":"EntryPoint","urlTemplate":"https:\/\/stuaalborg.dk\/?s={search_term_string}"},"query-input":{"@type":"PropertyValueSpecification","valueRequired":true,"valueName":"search_term_string"}}],"inLanguage":"da-DK"}]}},"_links":{"self":[{"href":"https:\/\/stuaalborg.dk\/index.php\/wp-json\/wp\/v2\/pages\/119","targetHints":{"allow":["GET"]}}],"collection":[{"href":"https:\/\/stuaalborg.dk\/index.php\/wp-json\/wp\/v2\/pages"}],"about":[{"href":"https:\/\/stuaalborg.dk\/index.php\/wp-json\/wp\/v2\/types\/page"}],"author":[{"embeddable":true,"href":"https:\/\/stuaalborg.dk\/index.php\/wp-json\/wp\/v2\/users\/1"}],"replies":[{"embeddable":true,"href":"https:\/\/stuaalborg.dk\/index.php\/wp-json\/wp\/v2\/comments?post=119"}],"version-history":[{"count":0,"href":"https:\/\/stuaalborg.dk\/index.php\/wp-json\/wp\/v2\/pages\/119\/revisions"}],"wp:attachment":[{"href":"https:\/\/stuaalborg.dk\/index.php\/wp-json\/wp\/v2\/media?parent=119"}],"curies":[{"name":"wp","href":"https:\/\/api.w.org\/{rel}","templated":true}]}}