{"id":317,"date":"2022-10-24T09:32:00","date_gmt":"2022-10-24T09:32:00","guid":{"rendered":"https:\/\/stuaalborg.wpengine.com\/?page_id=317"},"modified":"2023-01-19T09:53:16","modified_gmt":"2023-01-19T09:53:16","slug":"haandvaerk-ejendomsservice","status":"publish","type":"page","link":"https:\/\/stuaalborg.dk\/index.php\/haandvaerk-ejendomsservice\/","title":{"rendered":"H\u00e5ndv\u00e6rk &#038; Ejendomsservice"},"content":{"rendered":"<div class=\"fusion-fullwidth fullwidth-box fusion-builder-row-1 fusion-flex-container has-pattern-background has-mask-background nonhundred-percent-fullwidth non-hundred-percent-height-scrolling\" style=\"--awb-border-radius-top-left:0px;--awb-border-radius-top-right:0px;--awb-border-radius-bottom-right:0px;--awb-border-radius-bottom-left:0px;--awb-flex-wrap:wrap;\" ><div class=\"fusion-builder-row fusion-row fusion-flex-align-items-flex-start fusion-flex-content-wrap\" style=\"max-width:1248px;margin-left: calc(-4% \/ 2 );margin-right: calc(-4% \/ 2 );\"><div class=\"fusion-layout-column fusion_builder_column fusion-builder-column-0 fusion_builder_column_1_2 1_2 fusion-flex-column\" style=\"--awb-bg-size:cover;--awb-width-large:50%;--awb-margin-top-large:0px;--awb-spacing-right-large:3.84%;--awb-margin-bottom-large:20px;--awb-spacing-left-large:3.84%;--awb-width-medium:50%;--awb-order-medium:0;--awb-spacing-right-medium:3.84%;--awb-spacing-left-medium:3.84%;--awb-width-small:100%;--awb-order-small:0;--awb-spacing-right-small:1.92%;--awb-spacing-left-small:1.92%;\"><div class=\"fusion-column-wrapper fusion-column-has-shadow fusion-flex-justify-content-flex-start fusion-content-layout-column\"><div class=\"fusion-text fusion-text-1\"><h1>H\u00e5ndv\u00e6rk &amp; Ejendomsservice<\/h1>\n<h2>Pr\u00f8v forskelllige h\u00e5ndv\u00e6rk<\/h2>\n<p>P\u00e5 linjen h\u00e5ndv\u00e6rk og ejendomsservice er der mulighed for at afpr\u00f8ve flere forskellige h\u00e5ndv\u00e6rk. Der arbejdes med tr\u00e6 og metal, maling og spartelarbejde. Vi har p\u00e5 v\u00e6rkstedet en lang r\u00e6kke forskellige maskiner og v\u00e6rkt\u00f8j, og vi producerer fx h\u00f8jbede, blomsterkasser, fuglehuse, bordb\u00e6nkes\u00e6t og meget mere.<\/p>\n<p>Udover forskellige produktioner udf\u00f8rer vi en r\u00e6kke ombygnings- og renoveringsopgaver. Her er der mulighed for at udf\u00f8re en lang r\u00e6kke forskellige opgaver som nedbrydning af v\u00e6gge, s\u00e6tte gips op, male samt l\u00e6gge fliser.<\/p>\n<p>Under temaet ejendomsservice arbejder vi blandt andet med rensning af tagrender, udluftning af radiatorer, gr\u00e6ssl\u00e5ning, snerydning, vedligehold af bygninger og materialer, reng\u00f8ring af borde og vinduer, udskiftning af ruder og mange andre ting.<\/p>\n<\/div><\/div><\/div><div class=\"fusion-layout-column fusion_builder_column fusion-builder-column-1 fusion_builder_column_1_2 1_2 fusion-flex-column\" style=\"--awb-bg-size:cover;--awb-width-large:50%;--awb-margin-top-large:0px;--awb-spacing-right-large:3.84%;--awb-margin-bottom-large:20px;--awb-spacing-left-large:3.84%;--awb-width-medium:50%;--awb-order-medium:0;--awb-spacing-right-medium:3.84%;--awb-spacing-left-medium:3.84%;--awb-width-small:100%;--awb-order-small:0;--awb-spacing-right-small:1.92%;--awb-spacing-left-small:1.92%;\"><div class=\"fusion-column-wrapper fusion-column-has-shadow fusion-flex-justify-content-flex-start fusion-content-layout-column\"><div class=\"fusion-image-element awb-imageframe-style awb-imageframe-style-below awb-imageframe-style-1\" style=\"--awb-caption-margin-top:10px;--awb-caption-title-font-family:var(--h6_typography-font-family);--awb-caption-title-font-weight:var(--h6_typography-font-weight);--awb-caption-title-font-style:var(--h6_typography-font-style);--awb-caption-title-size:var(--h6_typography-font-size);--awb-caption-title-transform:var(--h6_typography-text-transform);--awb-caption-title-line-height:var(--h6_typography-line-height);--awb-caption-title-letter-spacing:var(--h6_typography-letter-spacing);\"><span class=\" fusion-imageframe imageframe-none imageframe-1 hover-type-none\" style=\"border:1px solid var(--awb-color6);border-radius:15px;\"><img decoding=\"async\" width=\"1080\" height=\"1080\" title=\"Ejendomsservice p\u00e5 udearbejde\" src=\"http:\/\/staging-1644996869.stuaalborg.dk\/wp-content\/uploads\/2022\/11\/service_02_square.jpg\" alt class=\"img-responsive wp-image-493\" srcset=\"https:\/\/stuaalborg.dk\/wp-content\/uploads\/2022\/11\/service_02_square-200x200.jpg 200w, https:\/\/stuaalborg.dk\/wp-content\/uploads\/2022\/11\/service_02_square-400x400.jpg 400w, https:\/\/stuaalborg.dk\/wp-content\/uploads\/2022\/11\/service_02_square-600x600.jpg 600w, https:\/\/stuaalborg.dk\/wp-content\/uploads\/2022\/11\/service_02_square-800x800.jpg 800w, https:\/\/stuaalborg.dk\/wp-content\/uploads\/2022\/11\/service_02_square.jpg 1080w\" sizes=\"(max-width: 640px) 100vw, 600px\" \/><\/span><div class=\"awb-imageframe-caption-container\" style=\"text-align:center;\"><div class=\"awb-imageframe-caption\"><h6 class=\"awb-imageframe-caption-title\">Ejendomsservice p\u00e5 udearbejde<\/h6><\/div><\/div><\/div><\/div><\/div><div class=\"fusion-layout-column fusion_builder_column fusion-builder-column-2 fusion_builder_column_1_3 1_3 fusion-flex-column\" style=\"--awb-bg-size:cover;--awb-width-large:33.3333333333%;--awb-margin-top-large:0px;--awb-spacing-right-large:5.76%;--awb-margin-bottom-large:20px;--awb-spacing-left-large:5.76%;--awb-width-medium:33.3333333333%;--awb-order-medium:0;--awb-spacing-right-medium:5.76%;--awb-spacing-left-medium:5.76%;--awb-width-small:100%;--awb-order-small:0;--awb-spacing-right-small:1.92%;--awb-spacing-left-small:1.92%;\"><div class=\"fusion-column-wrapper fusion-column-has-shadow fusion-flex-justify-content-flex-start fusion-content-layout-column\"><div class=\"fusion-image-element awb-imageframe-style awb-imageframe-style-below awb-imageframe-style-2\" style=\"--awb-caption-title-font-family:var(--h6_typography-font-family);--awb-caption-title-font-weight:var(--h6_typography-font-weight);--awb-caption-title-font-style:var(--h6_typography-font-style);--awb-caption-title-size:var(--h6_typography-font-size);--awb-caption-title-transform:var(--h6_typography-text-transform);--awb-caption-title-line-height:var(--h6_typography-line-height);--awb-caption-title-letter-spacing:var(--h6_typography-letter-spacing);\"><span class=\" fusion-imageframe imageframe-none imageframe-2 hover-type-none\" style=\"border:1px solid var(--awb-color4);border-radius:15px;\"><img decoding=\"async\" width=\"1080\" height=\"1080\" title=\"Efter\u00e5ret giver ekstra arbejde med riven\" src=\"http:\/\/staging-1644996869.stuaalborg.dk\/wp-content\/uploads\/2022\/11\/service_01_square.jpg\" alt class=\"img-responsive wp-image-492\" srcset=\"https:\/\/stuaalborg.dk\/wp-content\/uploads\/2022\/11\/service_01_square-200x200.jpg 200w, https:\/\/stuaalborg.dk\/wp-content\/uploads\/2022\/11\/service_01_square-400x400.jpg 400w, https:\/\/stuaalborg.dk\/wp-content\/uploads\/2022\/11\/service_01_square-600x600.jpg 600w, https:\/\/stuaalborg.dk\/wp-content\/uploads\/2022\/11\/service_01_square-800x800.jpg 800w, https:\/\/stuaalborg.dk\/wp-content\/uploads\/2022\/11\/service_01_square.jpg 1080w\" sizes=\"(max-width: 640px) 100vw, 400px\" \/><\/span><div class=\"awb-imageframe-caption-container\" style=\"text-align:center;\"><div class=\"awb-imageframe-caption\"><h6 class=\"awb-imageframe-caption-title\">Efter\u00e5ret giver ekstra arbejde med riven<\/h6><\/div><\/div><\/div><\/div><\/div><div class=\"fusion-layout-column fusion_builder_column fusion-builder-column-3 fusion_builder_column_1_3 1_3 fusion-flex-column\" style=\"--awb-bg-size:cover;--awb-width-large:33.3333333333%;--awb-margin-top-large:0px;--awb-spacing-right-large:5.76%;--awb-margin-bottom-large:20px;--awb-spacing-left-large:5.76%;--awb-width-medium:33.3333333333%;--awb-order-medium:0;--awb-spacing-right-medium:5.76%;--awb-spacing-left-medium:5.76%;--awb-width-small:100%;--awb-order-small:0;--awb-spacing-right-small:1.92%;--awb-spacing-left-small:1.92%;\"><div class=\"fusion-column-wrapper fusion-column-has-shadow fusion-flex-justify-content-flex-start fusion-content-layout-column\"><div class=\"fusion-image-element awb-imageframe-style awb-imageframe-style-below awb-imageframe-style-3\" style=\"--awb-caption-title-font-family:var(--h6_typography-font-family);--awb-caption-title-font-weight:var(--h6_typography-font-weight);--awb-caption-title-font-style:var(--h6_typography-font-style);--awb-caption-title-size:var(--h6_typography-font-size);--awb-caption-title-transform:var(--h6_typography-text-transform);--awb-caption-title-line-height:var(--h6_typography-line-height);--awb-caption-title-letter-spacing:var(--h6_typography-letter-spacing);\"><span class=\" fusion-imageframe imageframe-none imageframe-3 hover-type-none\" style=\"border:1px solid var(--awb-color4);border-radius:15px;\"><img decoding=\"async\" width=\"1080\" height=\"1080\" title=\"Ejendomsservice\" src=\"http:\/\/staging-1644996869.stuaalborg.dk\/wp-content\/uploads\/2022\/11\/service_04_square.jpg\" alt class=\"img-responsive wp-image-497\" srcset=\"https:\/\/stuaalborg.dk\/wp-content\/uploads\/2022\/11\/service_04_square-200x200.jpg 200w, https:\/\/stuaalborg.dk\/wp-content\/uploads\/2022\/11\/service_04_square-400x400.jpg 400w, https:\/\/stuaalborg.dk\/wp-content\/uploads\/2022\/11\/service_04_square-600x600.jpg 600w, https:\/\/stuaalborg.dk\/wp-content\/uploads\/2022\/11\/service_04_square-800x800.jpg 800w, https:\/\/stuaalborg.dk\/wp-content\/uploads\/2022\/11\/service_04_square.jpg 1080w\" sizes=\"(max-width: 640px) 100vw, 400px\" \/><\/span><div class=\"awb-imageframe-caption-container\" style=\"text-align:center;\"><div class=\"awb-imageframe-caption\"><h6 class=\"awb-imageframe-caption-title\">Ejendomsservice<\/h6><\/div><\/div><\/div><\/div><\/div><div class=\"fusion-layout-column fusion_builder_column fusion-builder-column-4 fusion_builder_column_1_3 1_3 fusion-flex-column\" style=\"--awb-bg-size:cover;--awb-width-large:33.3333333333%;--awb-margin-top-large:0px;--awb-spacing-right-large:5.76%;--awb-margin-bottom-large:20px;--awb-spacing-left-large:5.76%;--awb-width-medium:33.3333333333%;--awb-order-medium:0;--awb-spacing-right-medium:5.76%;--awb-spacing-left-medium:5.76%;--awb-width-small:100%;--awb-order-small:0;--awb-spacing-right-small:1.92%;--awb-spacing-left-small:1.92%;\"><div class=\"fusion-column-wrapper fusion-column-has-shadow fusion-flex-justify-content-flex-start fusion-content-layout-column\"><div class=\"fusion-image-element awb-imageframe-style awb-imageframe-style-below awb-imageframe-style-4\" style=\"--awb-caption-title-font-family:var(--h6_typography-font-family);--awb-caption-title-font-weight:var(--h6_typography-font-weight);--awb-caption-title-font-style:var(--h6_typography-font-style);--awb-caption-title-size:var(--h6_typography-font-size);--awb-caption-title-transform:var(--h6_typography-text-transform);--awb-caption-title-line-height:var(--h6_typography-line-height);--awb-caption-title-letter-spacing:var(--h6_typography-letter-spacing);\"><span class=\" fusion-imageframe imageframe-none imageframe-4 hover-type-none\" style=\"border:1px solid var(--awb-color4);border-radius:15px;\"><img decoding=\"async\" width=\"1080\" height=\"1080\" title=\"Efter\u00e5rsbladene samles sammen\" src=\"http:\/\/staging-1644996869.stuaalborg.dk\/wp-content\/uploads\/2022\/11\/service_03_square.jpg\" alt class=\"img-responsive wp-image-494\" srcset=\"https:\/\/stuaalborg.dk\/wp-content\/uploads\/2022\/11\/service_03_square-200x200.jpg 200w, https:\/\/stuaalborg.dk\/wp-content\/uploads\/2022\/11\/service_03_square-400x400.jpg 400w, https:\/\/stuaalborg.dk\/wp-content\/uploads\/2022\/11\/service_03_square-600x600.jpg 600w, https:\/\/stuaalborg.dk\/wp-content\/uploads\/2022\/11\/service_03_square-800x800.jpg 800w, https:\/\/stuaalborg.dk\/wp-content\/uploads\/2022\/11\/service_03_square.jpg 1080w\" sizes=\"(max-width: 640px) 100vw, 400px\" \/><\/span><div class=\"awb-imageframe-caption-container\" style=\"text-align:center;\"><div class=\"awb-imageframe-caption\"><h6 class=\"awb-imageframe-caption-title\">Efter\u00e5rsbladene samles sammen<\/h6><\/div><\/div><\/div><\/div><\/div><\/div><\/div>\n","protected":false},"excerpt":{"rendered":"","protected":false},"author":1,"featured_media":0,"parent":0,"menu_order":0,"comment_status":"closed","ping_status":"closed","template":"100-width.php","meta":{"inline_featured_image":false,"footnotes":""},"class_list":["post-317","page","type-page","status-publish","hentry"],"yoast_head":"<!-- This site is optimized with the Yoast SEO plugin v26.9 - https:\/\/yoast.com\/product\/yoast-seo-wordpress\/ -->\n<title>H\u00e5ndv\u00e6rk &amp; Ejendomsservice - STU Aalborg<\/title>\n<meta name=\"robots\" content=\"index, follow, max-snippet:-1, max-image-preview:large, max-video-preview:-1\" \/>\n<link rel=\"canonical\" href=\"https:\/\/stuaalborg.dk\/index.php\/haandvaerk-ejendomsservice\/\" \/>\n<meta property=\"og:locale\" content=\"da_DK\" \/>\n<meta property=\"og:type\" content=\"article\" \/>\n<meta property=\"og:title\" content=\"H\u00e5ndv\u00e6rk &amp; Ejendomsservice - STU Aalborg\" \/>\n<meta property=\"og:url\" content=\"https:\/\/stuaalborg.dk\/index.php\/haandvaerk-ejendomsservice\/\" \/>\n<meta property=\"og:site_name\" content=\"STU Aalborg\" \/>\n<meta property=\"article:modified_time\" content=\"2023-01-19T09:53:16+00:00\" \/>\n<meta name=\"twitter:card\" content=\"summary_large_image\" \/>\n<meta name=\"twitter:label1\" content=\"Estimeret l\u00e6setid\" \/>\n\t<meta name=\"twitter:data1\" content=\"7 minutter\" \/>\n<script type=\"application\/ld+json\" class=\"yoast-schema-graph\">{\"@context\":\"https:\/\/schema.org\",\"@graph\":[{\"@type\":\"WebPage\",\"@id\":\"https:\/\/stuaalborg.dk\/index.php\/haandvaerk-ejendomsservice\/\",\"url\":\"https:\/\/stuaalborg.dk\/index.php\/haandvaerk-ejendomsservice\/\",\"name\":\"H\u00e5ndv\u00e6rk & Ejendomsservice - STU Aalborg\",\"isPartOf\":{\"@id\":\"https:\/\/stuaalborg.dk\/#website\"},\"datePublished\":\"2022-10-24T09:32:00+00:00\",\"dateModified\":\"2023-01-19T09:53:16+00:00\",\"breadcrumb\":{\"@id\":\"https:\/\/stuaalborg.dk\/index.php\/haandvaerk-ejendomsservice\/#breadcrumb\"},\"inLanguage\":\"da-DK\",\"potentialAction\":[{\"@type\":\"ReadAction\",\"target\":[\"https:\/\/stuaalborg.dk\/index.php\/haandvaerk-ejendomsservice\/\"]}]},{\"@type\":\"BreadcrumbList\",\"@id\":\"https:\/\/stuaalborg.dk\/index.php\/haandvaerk-ejendomsservice\/#breadcrumb\",\"itemListElement\":[{\"@type\":\"ListItem\",\"position\":1,\"name\":\"Hjem\",\"item\":\"https:\/\/stuaalborg.dk\/\"},{\"@type\":\"ListItem\",\"position\":2,\"name\":\"H\u00e5ndv\u00e6rk &#038; Ejendomsservice\"}]},{\"@type\":\"WebSite\",\"@id\":\"https:\/\/stuaalborg.dk\/#website\",\"url\":\"https:\/\/stuaalborg.dk\/\",\"name\":\"STU Aalborg\",\"description\":\"En del af FGU Aalborg, selvom det ligger i Lille Vildmose\",\"potentialAction\":[{\"@type\":\"SearchAction\",\"target\":{\"@type\":\"EntryPoint\",\"urlTemplate\":\"https:\/\/stuaalborg.dk\/?s={search_term_string}\"},\"query-input\":{\"@type\":\"PropertyValueSpecification\",\"valueRequired\":true,\"valueName\":\"search_term_string\"}}],\"inLanguage\":\"da-DK\"}]}<\/script>\n<!-- \/ Yoast SEO plugin. -->","yoast_head_json":{"title":"H\u00e5ndv\u00e6rk & Ejendomsservice - STU Aalborg","robots":{"index":"index","follow":"follow","max-snippet":"max-snippet:-1","max-image-preview":"max-image-preview:large","max-video-preview":"max-video-preview:-1"},"canonical":"https:\/\/stuaalborg.dk\/index.php\/haandvaerk-ejendomsservice\/","og_locale":"da_DK","og_type":"article","og_title":"H\u00e5ndv\u00e6rk & Ejendomsservice - STU Aalborg","og_url":"https:\/\/stuaalborg.dk\/index.php\/haandvaerk-ejendomsservice\/","og_site_name":"STU Aalborg","article_modified_time":"2023-01-19T09:53:16+00:00","twitter_card":"summary_large_image","twitter_misc":{"Estimeret l\u00e6setid":"7 minutter"},"schema":{"@context":"https:\/\/schema.org","@graph":[{"@type":"WebPage","@id":"https:\/\/stuaalborg.dk\/index.php\/haandvaerk-ejendomsservice\/","url":"https:\/\/stuaalborg.dk\/index.php\/haandvaerk-ejendomsservice\/","name":"H\u00e5ndv\u00e6rk & Ejendomsservice - STU Aalborg","isPartOf":{"@id":"https:\/\/stuaalborg.dk\/#website"},"datePublished":"2022-10-24T09:32:00+00:00","dateModified":"2023-01-19T09:53:16+00:00","breadcrumb":{"@id":"https:\/\/stuaalborg.dk\/index.php\/haandvaerk-ejendomsservice\/#breadcrumb"},"inLanguage":"da-DK","potentialAction":[{"@type":"ReadAction","target":["https:\/\/stuaalborg.dk\/index.php\/haandvaerk-ejendomsservice\/"]}]},{"@type":"BreadcrumbList","@id":"https:\/\/stuaalborg.dk\/index.php\/haandvaerk-ejendomsservice\/#breadcrumb","itemListElement":[{"@type":"ListItem","position":1,"name":"Hjem","item":"https:\/\/stuaalborg.dk\/"},{"@type":"ListItem","position":2,"name":"H\u00e5ndv\u00e6rk &#038; Ejendomsservice"}]},{"@type":"WebSite","@id":"https:\/\/stuaalborg.dk\/#website","url":"https:\/\/stuaalborg.dk\/","name":"STU Aalborg","description":"En del af FGU Aalborg, selvom det ligger i Lille Vildmose","potentialAction":[{"@type":"SearchAction","target":{"@type":"EntryPoint","urlTemplate":"https:\/\/stuaalborg.dk\/?s={search_term_string}"},"query-input":{"@type":"PropertyValueSpecification","valueRequired":true,"valueName":"search_term_string"}}],"inLanguage":"da-DK"}]}},"_links":{"self":[{"href":"https:\/\/stuaalborg.dk\/index.php\/wp-json\/wp\/v2\/pages\/317","targetHints":{"allow":["GET"]}}],"collection":[{"href":"https:\/\/stuaalborg.dk\/index.php\/wp-json\/wp\/v2\/pages"}],"about":[{"href":"https:\/\/stuaalborg.dk\/index.php\/wp-json\/wp\/v2\/types\/page"}],"author":[{"embeddable":true,"href":"https:\/\/stuaalborg.dk\/index.php\/wp-json\/wp\/v2\/users\/1"}],"replies":[{"embeddable":true,"href":"https:\/\/stuaalborg.dk\/index.php\/wp-json\/wp\/v2\/comments?post=317"}],"version-history":[{"count":0,"href":"https:\/\/stuaalborg.dk\/index.php\/wp-json\/wp\/v2\/pages\/317\/revisions"}],"wp:attachment":[{"href":"https:\/\/stuaalborg.dk\/index.php\/wp-json\/wp\/v2\/media?parent=317"}],"curies":[{"name":"wp","href":"https:\/\/api.w.org\/{rel}","templated":true}]}}