{"id":325,"date":"2022-10-24T09:40:02","date_gmt":"2022-10-24T09:40:02","guid":{"rendered":"https:\/\/stuaalborg.wpengine.com\/?page_id=325"},"modified":"2023-01-19T10:01:06","modified_gmt":"2023-01-19T10:01:06","slug":"jordbrug-dyrehold","status":"publish","type":"page","link":"https:\/\/stuaalborg.dk\/index.php\/jordbrug-dyrehold\/","title":{"rendered":"Jordbrug &#038; Dyrehold"},"content":{"rendered":"<div class=\"fusion-fullwidth fullwidth-box fusion-builder-row-1 fusion-flex-container has-pattern-background has-mask-background nonhundred-percent-fullwidth non-hundred-percent-height-scrolling\" style=\"--awb-border-radius-top-left:0px;--awb-border-radius-top-right:0px;--awb-border-radius-bottom-right:0px;--awb-border-radius-bottom-left:0px;--awb-flex-wrap:wrap;\" ><div class=\"fusion-builder-row fusion-row fusion-flex-align-items-flex-start fusion-flex-content-wrap\" style=\"max-width:1248px;margin-left: calc(-4% \/ 2 );margin-right: calc(-4% \/ 2 );\"><div class=\"fusion-layout-column fusion_builder_column fusion-builder-column-0 fusion_builder_column_1_2 1_2 fusion-flex-column\" style=\"--awb-bg-size:cover;--awb-width-large:50%;--awb-margin-top-large:0px;--awb-spacing-right-large:3.84%;--awb-margin-bottom-large:20px;--awb-spacing-left-large:3.84%;--awb-width-medium:50%;--awb-order-medium:0;--awb-spacing-right-medium:3.84%;--awb-spacing-left-medium:3.84%;--awb-width-small:100%;--awb-order-small:0;--awb-spacing-right-small:1.92%;--awb-spacing-left-small:1.92%;\"><div class=\"fusion-column-wrapper fusion-column-has-shadow fusion-flex-justify-content-flex-start fusion-content-layout-column\"><div class=\"fusion-text fusion-text-1\"><h1>Jordbrug &amp; Dyrehold<\/h1>\n<h2>Er du vild med dyr?<\/h2>\n<p>P\u00e5 linjen Jordbrug og dyrehold har vi geder, kaniner, h\u00f8ns, n\u00e6sebj\u00f8rne, heste, k\u00f8er, grise og forskellige mindre k\u00e6ledyr og krybdyr, som skal passes hver dag.<\/p>\n<p>Undervisningen foreg\u00e5r i et autentisk l\u00e6ringsmilj\u00f8, hvor der om for\u00e5ret kommer dyreunger til verden og om sommeren og efter\u00e5ret bliver h\u00f8stet, s\u00e5 dyrene kan f\u00e5 mad til vinteren.<\/p>\n<p>Vi har fokus p\u00e5 l\u00e6ring, trivsel og deltagelse i f\u00e6llesskabet, og sociale aktiviteter og arrangementer indg\u00e5r i uddannelsen.<\/p>\n<p>Igennem et STU forl\u00f8b p\u00e5 Jordbrug &amp; dyrehold opn\u00e5r den enkelte kompetencer til at arbejde som medhj\u00e6lper indenfor fx landbrug, gartneri, maskinstation, hestestutteri eller dyrehandel. Dette sker via arbejdet i vores v\u00e6rksted og igennem eksterne praktikker og kursusforl\u00f8b.<\/p>\n<\/div><\/div><\/div><div class=\"fusion-layout-column fusion_builder_column fusion-builder-column-1 fusion_builder_column_1_2 1_2 fusion-flex-column\" style=\"--awb-bg-size:cover;--awb-width-large:50%;--awb-margin-top-large:0px;--awb-spacing-right-large:3.84%;--awb-margin-bottom-large:20px;--awb-spacing-left-large:3.84%;--awb-width-medium:50%;--awb-order-medium:0;--awb-spacing-right-medium:3.84%;--awb-spacing-left-medium:3.84%;--awb-width-small:100%;--awb-order-small:0;--awb-spacing-right-small:1.92%;--awb-spacing-left-small:1.92%;\"><div class=\"fusion-column-wrapper fusion-column-has-shadow fusion-flex-justify-content-flex-start fusion-content-layout-column\"><div class=\"fusion-image-element awb-imageframe-style awb-imageframe-style-below awb-imageframe-style-1\" style=\"--awb-caption-margin-top:10px;--awb-caption-title-font-family:var(--h6_typography-font-family);--awb-caption-title-font-weight:var(--h6_typography-font-weight);--awb-caption-title-font-style:var(--h6_typography-font-style);--awb-caption-title-size:var(--h6_typography-font-size);--awb-caption-title-transform:var(--h6_typography-text-transform);--awb-caption-title-line-height:var(--h6_typography-line-height);--awb-caption-title-letter-spacing:var(--h6_typography-letter-spacing);\"><span class=\" fusion-imageframe imageframe-none imageframe-1 hover-type-none\" style=\"border:1px solid var(--awb-color6);border-radius:15px;\"><img decoding=\"async\" width=\"1080\" height=\"1080\" title=\"P\u00e5 arbejde i kreaturstalden\" src=\"http:\/\/staging-1644996869.stuaalborg.dk\/wp-content\/uploads\/2022\/10\/Farmgirls-square.jpg\" alt class=\"img-responsive wp-image-405\" srcset=\"https:\/\/stuaalborg.dk\/wp-content\/uploads\/2022\/10\/Farmgirls-square-200x200.jpg 200w, https:\/\/stuaalborg.dk\/wp-content\/uploads\/2022\/10\/Farmgirls-square-400x400.jpg 400w, https:\/\/stuaalborg.dk\/wp-content\/uploads\/2022\/10\/Farmgirls-square-600x600.jpg 600w, https:\/\/stuaalborg.dk\/wp-content\/uploads\/2022\/10\/Farmgirls-square-800x800.jpg 800w, https:\/\/stuaalborg.dk\/wp-content\/uploads\/2022\/10\/Farmgirls-square.jpg 1080w\" sizes=\"(max-width: 640px) 100vw, 600px\" \/><\/span><div class=\"awb-imageframe-caption-container\" style=\"text-align:center;\"><div class=\"awb-imageframe-caption\"><h6 class=\"awb-imageframe-caption-title\">P\u00e5 arbejde i kreaturstalden<\/h6><\/div><\/div><\/div><\/div><\/div><div class=\"fusion-layout-column fusion_builder_column fusion-builder-column-2 fusion_builder_column_1_3 1_3 fusion-flex-column\" style=\"--awb-bg-size:cover;--awb-width-large:33.3333333333%;--awb-margin-top-large:0px;--awb-spacing-right-large:5.76%;--awb-margin-bottom-large:20px;--awb-spacing-left-large:5.76%;--awb-width-medium:33.3333333333%;--awb-order-medium:0;--awb-spacing-right-medium:5.76%;--awb-spacing-left-medium:5.76%;--awb-width-small:100%;--awb-order-small:0;--awb-spacing-right-small:1.92%;--awb-spacing-left-small:1.92%;\"><div class=\"fusion-column-wrapper fusion-column-has-shadow fusion-flex-justify-content-flex-start fusion-content-layout-column\"><div class=\"fusion-image-element awb-imageframe-style awb-imageframe-style-below awb-imageframe-style-2\" style=\"--awb-caption-title-font-family:var(--h6_typography-font-family);--awb-caption-title-font-weight:var(--h6_typography-font-weight);--awb-caption-title-font-style:var(--h6_typography-font-style);--awb-caption-title-size:var(--h6_typography-font-size);--awb-caption-title-transform:var(--h6_typography-text-transform);--awb-caption-title-line-height:var(--h6_typography-line-height);--awb-caption-title-letter-spacing:var(--h6_typography-letter-spacing);\"><span class=\" fusion-imageframe imageframe-none imageframe-2 hover-type-none\" style=\"border:1px solid #000000;border-radius:15px;\"><img decoding=\"async\" width=\"1080\" height=\"1080\" title=\"Der arbejdes i kostalden\" src=\"http:\/\/staging-1644996869.stuaalborg.dk\/wp-content\/uploads\/2022\/11\/jordbrug_01_square.jpg\" alt class=\"img-responsive wp-image-515\" srcset=\"https:\/\/stuaalborg.dk\/wp-content\/uploads\/2022\/11\/jordbrug_01_square-200x200.jpg 200w, https:\/\/stuaalborg.dk\/wp-content\/uploads\/2022\/11\/jordbrug_01_square-400x400.jpg 400w, https:\/\/stuaalborg.dk\/wp-content\/uploads\/2022\/11\/jordbrug_01_square-600x600.jpg 600w, https:\/\/stuaalborg.dk\/wp-content\/uploads\/2022\/11\/jordbrug_01_square-800x800.jpg 800w, https:\/\/stuaalborg.dk\/wp-content\/uploads\/2022\/11\/jordbrug_01_square.jpg 1080w\" sizes=\"(max-width: 640px) 100vw, 400px\" \/><\/span><div class=\"awb-imageframe-caption-container\" style=\"text-align:center;\"><div class=\"awb-imageframe-caption\"><h6 class=\"awb-imageframe-caption-title\">Der arbejdes i kostalden<\/h6><\/div><\/div><\/div><\/div><\/div><div class=\"fusion-layout-column fusion_builder_column fusion-builder-column-3 fusion_builder_column_1_3 1_3 fusion-flex-column\" style=\"--awb-bg-size:cover;--awb-width-large:33.3333333333%;--awb-margin-top-large:0px;--awb-spacing-right-large:5.76%;--awb-margin-bottom-large:20px;--awb-spacing-left-large:5.76%;--awb-width-medium:33.3333333333%;--awb-order-medium:0;--awb-spacing-right-medium:5.76%;--awb-spacing-left-medium:5.76%;--awb-width-small:100%;--awb-order-small:0;--awb-spacing-right-small:1.92%;--awb-spacing-left-small:1.92%;\"><div class=\"fusion-column-wrapper fusion-column-has-shadow fusion-flex-justify-content-flex-start fusion-content-layout-column\"><div class=\"fusion-image-element awb-imageframe-style awb-imageframe-style-below awb-imageframe-style-3\" style=\"--awb-caption-title-font-family:var(--h6_typography-font-family);--awb-caption-title-font-weight:var(--h6_typography-font-weight);--awb-caption-title-font-style:var(--h6_typography-font-style);--awb-caption-title-size:var(--h6_typography-font-size);--awb-caption-title-transform:var(--h6_typography-text-transform);--awb-caption-title-line-height:var(--h6_typography-line-height);--awb-caption-title-letter-spacing:var(--h6_typography-letter-spacing);\"><span class=\" fusion-imageframe imageframe-none imageframe-3 hover-type-none\" style=\"border:1px solid #000000;border-radius:15px;\"><img decoding=\"async\" width=\"1039\" height=\"1040\" title=\"Vi k\u00f8rer store maskiner\" src=\"http:\/\/staging-1644996869.stuaalborg.dk\/wp-content\/uploads\/2022\/11\/jordbrug_02_square.jpg\" alt class=\"img-responsive wp-image-520\" srcset=\"https:\/\/stuaalborg.dk\/wp-content\/uploads\/2022\/11\/jordbrug_02_square-200x200.jpg 200w, https:\/\/stuaalborg.dk\/wp-content\/uploads\/2022\/11\/jordbrug_02_square-400x400.jpg 400w, https:\/\/stuaalborg.dk\/wp-content\/uploads\/2022\/11\/jordbrug_02_square-600x601.jpg 600w, https:\/\/stuaalborg.dk\/wp-content\/uploads\/2022\/11\/jordbrug_02_square-800x801.jpg 800w, https:\/\/stuaalborg.dk\/wp-content\/uploads\/2022\/11\/jordbrug_02_square.jpg 1039w\" sizes=\"(max-width: 640px) 100vw, 400px\" \/><\/span><div class=\"awb-imageframe-caption-container\" style=\"text-align:center;\"><div class=\"awb-imageframe-caption\"><h6 class=\"awb-imageframe-caption-title\">Vi k\u00f8rer store maskiner<\/h6><\/div><\/div><\/div><\/div><\/div><div class=\"fusion-layout-column fusion_builder_column fusion-builder-column-4 fusion_builder_column_1_3 1_3 fusion-flex-column\" style=\"--awb-bg-size:cover;--awb-width-large:33.3333333333%;--awb-margin-top-large:0px;--awb-spacing-right-large:5.76%;--awb-margin-bottom-large:20px;--awb-spacing-left-large:5.76%;--awb-width-medium:33.3333333333%;--awb-order-medium:0;--awb-spacing-right-medium:5.76%;--awb-spacing-left-medium:5.76%;--awb-width-small:100%;--awb-order-small:0;--awb-spacing-right-small:1.92%;--awb-spacing-left-small:1.92%;\"><div class=\"fusion-column-wrapper fusion-column-has-shadow fusion-flex-justify-content-flex-start fusion-content-layout-column\"><div class=\"fusion-image-element awb-imageframe-style awb-imageframe-style-below awb-imageframe-style-4\" style=\"--awb-caption-title-font-family:var(--h6_typography-font-family);--awb-caption-title-font-weight:var(--h6_typography-font-weight);--awb-caption-title-font-style:var(--h6_typography-font-style);--awb-caption-title-size:var(--h6_typography-font-size);--awb-caption-title-transform:var(--h6_typography-text-transform);--awb-caption-title-line-height:var(--h6_typography-line-height);--awb-caption-title-letter-spacing:var(--h6_typography-letter-spacing);\"><span class=\" fusion-imageframe imageframe-none imageframe-4 hover-type-none\" style=\"border:1px solid #000000;border-radius:15px;\"><img decoding=\"async\" width=\"1280\" height=\"1280\" title=\"Cowboys\" src=\"http:\/\/staging-1644996869.stuaalborg.dk\/wp-content\/uploads\/2022\/10\/jordbrug-drenge-square.jpg\" alt class=\"img-responsive wp-image-403\" srcset=\"https:\/\/stuaalborg.dk\/wp-content\/uploads\/2022\/10\/jordbrug-drenge-square-200x200.jpg 200w, https:\/\/stuaalborg.dk\/wp-content\/uploads\/2022\/10\/jordbrug-drenge-square-400x400.jpg 400w, https:\/\/stuaalborg.dk\/wp-content\/uploads\/2022\/10\/jordbrug-drenge-square-600x600.jpg 600w, https:\/\/stuaalborg.dk\/wp-content\/uploads\/2022\/10\/jordbrug-drenge-square-800x800.jpg 800w, https:\/\/stuaalborg.dk\/wp-content\/uploads\/2022\/10\/jordbrug-drenge-square-1200x1200.jpg 1200w, https:\/\/stuaalborg.dk\/wp-content\/uploads\/2022\/10\/jordbrug-drenge-square.jpg 1280w\" sizes=\"(max-width: 640px) 100vw, 400px\" \/><\/span><div class=\"awb-imageframe-caption-container\" style=\"text-align:center;\"><div class=\"awb-imageframe-caption\"><h6 class=\"awb-imageframe-caption-title\">Cowboys<\/h6><\/div><\/div><\/div><\/div><\/div><\/div><\/div>\n","protected":false},"excerpt":{"rendered":"","protected":false},"author":1,"featured_media":0,"parent":0,"menu_order":0,"comment_status":"closed","ping_status":"closed","template":"100-width.php","meta":{"inline_featured_image":false,"footnotes":""},"class_list":["post-325","page","type-page","status-publish","hentry"],"yoast_head":"<!-- This site is optimized with the Yoast SEO plugin v26.9 - https:\/\/yoast.com\/product\/yoast-seo-wordpress\/ -->\n<title>Jordbrug &amp; Dyrehold - STU Aalborg<\/title>\n<meta name=\"robots\" content=\"index, follow, max-snippet:-1, max-image-preview:large, max-video-preview:-1\" \/>\n<link rel=\"canonical\" href=\"https:\/\/stuaalborg.dk\/index.php\/jordbrug-dyrehold\/\" \/>\n<meta property=\"og:locale\" content=\"da_DK\" \/>\n<meta property=\"og:type\" content=\"article\" \/>\n<meta property=\"og:title\" content=\"Jordbrug &amp; Dyrehold - STU Aalborg\" \/>\n<meta property=\"og:url\" content=\"https:\/\/stuaalborg.dk\/index.php\/jordbrug-dyrehold\/\" \/>\n<meta property=\"og:site_name\" content=\"STU Aalborg\" \/>\n<meta property=\"article:modified_time\" content=\"2023-01-19T10:01:06+00:00\" \/>\n<meta name=\"twitter:card\" content=\"summary_large_image\" \/>\n<meta name=\"twitter:label1\" content=\"Estimeret l\u00e6setid\" \/>\n\t<meta name=\"twitter:data1\" content=\"7 minutter\" \/>\n<script type=\"application\/ld+json\" class=\"yoast-schema-graph\">{\"@context\":\"https:\/\/schema.org\",\"@graph\":[{\"@type\":\"WebPage\",\"@id\":\"https:\/\/stuaalborg.dk\/index.php\/jordbrug-dyrehold\/\",\"url\":\"https:\/\/stuaalborg.dk\/index.php\/jordbrug-dyrehold\/\",\"name\":\"Jordbrug & Dyrehold - STU Aalborg\",\"isPartOf\":{\"@id\":\"https:\/\/stuaalborg.dk\/#website\"},\"datePublished\":\"2022-10-24T09:40:02+00:00\",\"dateModified\":\"2023-01-19T10:01:06+00:00\",\"breadcrumb\":{\"@id\":\"https:\/\/stuaalborg.dk\/index.php\/jordbrug-dyrehold\/#breadcrumb\"},\"inLanguage\":\"da-DK\",\"potentialAction\":[{\"@type\":\"ReadAction\",\"target\":[\"https:\/\/stuaalborg.dk\/index.php\/jordbrug-dyrehold\/\"]}]},{\"@type\":\"BreadcrumbList\",\"@id\":\"https:\/\/stuaalborg.dk\/index.php\/jordbrug-dyrehold\/#breadcrumb\",\"itemListElement\":[{\"@type\":\"ListItem\",\"position\":1,\"name\":\"Hjem\",\"item\":\"https:\/\/stuaalborg.dk\/\"},{\"@type\":\"ListItem\",\"position\":2,\"name\":\"Jordbrug &#038; Dyrehold\"}]},{\"@type\":\"WebSite\",\"@id\":\"https:\/\/stuaalborg.dk\/#website\",\"url\":\"https:\/\/stuaalborg.dk\/\",\"name\":\"STU Aalborg\",\"description\":\"En del af FGU Aalborg, selvom det ligger i Lille Vildmose\",\"potentialAction\":[{\"@type\":\"SearchAction\",\"target\":{\"@type\":\"EntryPoint\",\"urlTemplate\":\"https:\/\/stuaalborg.dk\/?s={search_term_string}\"},\"query-input\":{\"@type\":\"PropertyValueSpecification\",\"valueRequired\":true,\"valueName\":\"search_term_string\"}}],\"inLanguage\":\"da-DK\"}]}<\/script>\n<!-- \/ Yoast SEO plugin. -->","yoast_head_json":{"title":"Jordbrug & Dyrehold - STU Aalborg","robots":{"index":"index","follow":"follow","max-snippet":"max-snippet:-1","max-image-preview":"max-image-preview:large","max-video-preview":"max-video-preview:-1"},"canonical":"https:\/\/stuaalborg.dk\/index.php\/jordbrug-dyrehold\/","og_locale":"da_DK","og_type":"article","og_title":"Jordbrug & Dyrehold - STU Aalborg","og_url":"https:\/\/stuaalborg.dk\/index.php\/jordbrug-dyrehold\/","og_site_name":"STU Aalborg","article_modified_time":"2023-01-19T10:01:06+00:00","twitter_card":"summary_large_image","twitter_misc":{"Estimeret l\u00e6setid":"7 minutter"},"schema":{"@context":"https:\/\/schema.org","@graph":[{"@type":"WebPage","@id":"https:\/\/stuaalborg.dk\/index.php\/jordbrug-dyrehold\/","url":"https:\/\/stuaalborg.dk\/index.php\/jordbrug-dyrehold\/","name":"Jordbrug & Dyrehold - STU Aalborg","isPartOf":{"@id":"https:\/\/stuaalborg.dk\/#website"},"datePublished":"2022-10-24T09:40:02+00:00","dateModified":"2023-01-19T10:01:06+00:00","breadcrumb":{"@id":"https:\/\/stuaalborg.dk\/index.php\/jordbrug-dyrehold\/#breadcrumb"},"inLanguage":"da-DK","potentialAction":[{"@type":"ReadAction","target":["https:\/\/stuaalborg.dk\/index.php\/jordbrug-dyrehold\/"]}]},{"@type":"BreadcrumbList","@id":"https:\/\/stuaalborg.dk\/index.php\/jordbrug-dyrehold\/#breadcrumb","itemListElement":[{"@type":"ListItem","position":1,"name":"Hjem","item":"https:\/\/stuaalborg.dk\/"},{"@type":"ListItem","position":2,"name":"Jordbrug &#038; Dyrehold"}]},{"@type":"WebSite","@id":"https:\/\/stuaalborg.dk\/#website","url":"https:\/\/stuaalborg.dk\/","name":"STU Aalborg","description":"En del af FGU Aalborg, selvom det ligger i Lille Vildmose","potentialAction":[{"@type":"SearchAction","target":{"@type":"EntryPoint","urlTemplate":"https:\/\/stuaalborg.dk\/?s={search_term_string}"},"query-input":{"@type":"PropertyValueSpecification","valueRequired":true,"valueName":"search_term_string"}}],"inLanguage":"da-DK"}]}},"_links":{"self":[{"href":"https:\/\/stuaalborg.dk\/index.php\/wp-json\/wp\/v2\/pages\/325","targetHints":{"allow":["GET"]}}],"collection":[{"href":"https:\/\/stuaalborg.dk\/index.php\/wp-json\/wp\/v2\/pages"}],"about":[{"href":"https:\/\/stuaalborg.dk\/index.php\/wp-json\/wp\/v2\/types\/page"}],"author":[{"embeddable":true,"href":"https:\/\/stuaalborg.dk\/index.php\/wp-json\/wp\/v2\/users\/1"}],"replies":[{"embeddable":true,"href":"https:\/\/stuaalborg.dk\/index.php\/wp-json\/wp\/v2\/comments?post=325"}],"version-history":[{"count":0,"href":"https:\/\/stuaalborg.dk\/index.php\/wp-json\/wp\/v2\/pages\/325\/revisions"}],"wp:attachment":[{"href":"https:\/\/stuaalborg.dk\/index.php\/wp-json\/wp\/v2\/media?parent=325"}],"curies":[{"name":"wp","href":"https:\/\/api.w.org\/{rel}","templated":true}]}}