{"id":330,"date":"2022-10-24T10:26:16","date_gmt":"2022-10-24T10:26:16","guid":{"rendered":"https:\/\/stuaalborg.wpengine.com\/?page_id=330"},"modified":"2023-01-19T09:52:00","modified_gmt":"2023-01-19T09:52:00","slug":"gastronomi-event","status":"publish","type":"page","link":"https:\/\/stuaalborg.dk\/index.php\/gastronomi-event\/","title":{"rendered":"Gastronomi &#038; Event"},"content":{"rendered":"<p><div class=\"fusion-fullwidth fullwidth-box fusion-builder-row-1 fusion-flex-container has-pattern-background has-mask-background nonhundred-percent-fullwidth non-hundred-percent-height-scrolling\" style=\"--awb-border-radius-top-left:0px;--awb-border-radius-top-right:0px;--awb-border-radius-bottom-right:0px;--awb-border-radius-bottom-left:0px;--awb-flex-wrap:wrap;\" ><div class=\"fusion-builder-row fusion-row fusion-flex-align-items-flex-start fusion-flex-content-wrap\" style=\"max-width:1248px;margin-left: calc(-4% \/ 2 );margin-right: calc(-4% \/ 2 );\"><div class=\"fusion-layout-column fusion_builder_column fusion-builder-column-0 fusion_builder_column_1_2 1_2 fusion-flex-column\" style=\"--awb-bg-size:cover;--awb-width-large:50%;--awb-margin-top-large:0px;--awb-spacing-right-large:3.84%;--awb-margin-bottom-large:20px;--awb-spacing-left-large:3.84%;--awb-width-medium:50%;--awb-order-medium:0;--awb-spacing-right-medium:3.84%;--awb-spacing-left-medium:3.84%;--awb-width-small:100%;--awb-order-small:0;--awb-spacing-right-small:1.92%;--awb-spacing-left-small:1.92%;\"><div class=\"fusion-column-wrapper fusion-column-has-shadow fusion-flex-justify-content-flex-start fusion-content-layout-column\"><div class=\"fusion-text fusion-text-1\"><h1>Gastronomi &amp; Event<\/h1>\n<h2>Mad og oplevelser<\/h2>\n<p>P\u00e5 linjen Gastronomi og Event arbejdes med mad, servicering og oplevelser. Helt overordnet l\u00e6rer eleverne om gastronomi og servering, og de opn\u00e5r en masse kompetencer til at kunne levere serviceydelser af h\u00f8j kvalitet tilpasset forskellige m\u00e5lgrupper og arrangementer.<\/p>\n<p>P\u00e5 denne linje f\u00e5r eleverne en masse viden indenfor de forskellige discipliner, der knytter sig til fagomr\u00e5det.\u00a0Dertil s\u00e6ttes der fokus p\u00e5 sociale og personlige m\u00e5l samt vigtigheden af f\u00e6llesskab, f\u00e6lles m\u00e5l, og arbejdsgl\u00e6de.<\/p>\n<p>I praksis arbejdes der med bearbejdning af r\u00e5varer og produktfremstilling inden for forskellige fag som fx kok, tjener, bager, konditor, slagter og cater.<\/p>\n<\/div><\/div><\/div><div class=\"fusion-layout-column fusion_builder_column fusion-builder-column-1 fusion_builder_column_1_2 1_2 fusion-flex-column\" style=\"--awb-bg-size:cover;--awb-width-large:50%;--awb-margin-top-large:0px;--awb-spacing-right-large:3.84%;--awb-margin-bottom-large:20px;--awb-spacing-left-large:3.84%;--awb-width-medium:50%;--awb-order-medium:0;--awb-spacing-right-medium:3.84%;--awb-spacing-left-medium:3.84%;--awb-width-small:100%;--awb-order-small:0;--awb-spacing-right-small:1.92%;--awb-spacing-left-small:1.92%;\"><div class=\"fusion-column-wrapper fusion-column-has-shadow fusion-flex-justify-content-flex-start fusion-content-layout-column\"><div class=\"fusion-image-element awb-imageframe-style awb-imageframe-style-below awb-imageframe-style-1\" style=\"--awb-caption-margin-top:10px;--awb-caption-title-font-family:var(--h6_typography-font-family);--awb-caption-title-font-weight:var(--h6_typography-font-weight);--awb-caption-title-font-style:var(--h6_typography-font-style);--awb-caption-title-size:var(--h6_typography-font-size);--awb-caption-title-transform:var(--h6_typography-text-transform);--awb-caption-title-line-height:var(--h6_typography-line-height);--awb-caption-title-letter-spacing:var(--h6_typography-letter-spacing);\"><span class=\" fusion-imageframe imageframe-none imageframe-1 hover-type-none\" style=\"border:1px solid var(--awb-color6);border-radius:15px;\"><img decoding=\"async\" width=\"1080\" height=\"1080\" title=\"S\u00e5 d\u00e6kkes der op til kaffebord\" src=\"http:\/\/staging-1644996869.stuaalborg.dk\/wp-content\/uploads\/2022\/11\/borddaekning-1080-square.jpg\" alt class=\"img-responsive wp-image-490\" srcset=\"https:\/\/stuaalborg.dk\/wp-content\/uploads\/2022\/11\/borddaekning-1080-square-200x200.jpg 200w, https:\/\/stuaalborg.dk\/wp-content\/uploads\/2022\/11\/borddaekning-1080-square-400x400.jpg 400w, https:\/\/stuaalborg.dk\/wp-content\/uploads\/2022\/11\/borddaekning-1080-square-600x600.jpg 600w, https:\/\/stuaalborg.dk\/wp-content\/uploads\/2022\/11\/borddaekning-1080-square-800x800.jpg 800w, https:\/\/stuaalborg.dk\/wp-content\/uploads\/2022\/11\/borddaekning-1080-square.jpg 1080w\" sizes=\"(max-width: 640px) 100vw, 600px\" \/><\/span><div class=\"awb-imageframe-caption-container\" style=\"text-align:center;\"><div class=\"awb-imageframe-caption\"><h6 class=\"awb-imageframe-caption-title\">S\u00e5 d\u00e6kkes der op til kaffebord<\/h6><\/div><\/div><\/div><\/div><\/div><\/div><\/div><div class=\"fusion-fullwidth fullwidth-box fusion-builder-row-2 fusion-flex-container has-pattern-background has-mask-background nonhundred-percent-fullwidth non-hundred-percent-height-scrolling\" style=\"--awb-border-radius-top-left:0px;--awb-border-radius-top-right:0px;--awb-border-radius-bottom-right:0px;--awb-border-radius-bottom-left:0px;--awb-flex-wrap:wrap;\" ><div class=\"fusion-builder-row fusion-row fusion-flex-align-items-flex-start fusion-flex-content-wrap\" style=\"max-width:1248px;margin-left: calc(-4% \/ 2 );margin-right: calc(-4% \/ 2 );\"><div class=\"fusion-layout-column fusion_builder_column fusion-builder-column-2 fusion_builder_column_1_2 1_2 fusion-flex-column\" style=\"--awb-bg-size:cover;--awb-width-large:50%;--awb-margin-top-large:0px;--awb-spacing-right-large:3.84%;--awb-margin-bottom-large:20px;--awb-spacing-left-large:3.84%;--awb-width-medium:50%;--awb-order-medium:0;--awb-spacing-right-medium:3.84%;--awb-spacing-left-medium:3.84%;--awb-width-small:100%;--awb-order-small:0;--awb-spacing-right-small:1.92%;--awb-spacing-left-small:1.92%;\"><div class=\"fusion-column-wrapper fusion-column-has-shadow fusion-flex-justify-content-flex-start fusion-content-layout-column\"><div class=\"fusion-image-element awb-imageframe-style awb-imageframe-style-below awb-imageframe-style-2\" style=\"--awb-caption-title-font-family:var(--h6_typography-font-family);--awb-caption-title-font-weight:var(--h6_typography-font-weight);--awb-caption-title-font-style:var(--h6_typography-font-style);--awb-caption-title-size:var(--h6_typography-font-size);--awb-caption-title-transform:var(--h6_typography-text-transform);--awb-caption-title-line-height:var(--h6_typography-line-height);--awb-caption-title-letter-spacing:var(--h6_typography-letter-spacing);\"><span class=\" fusion-imageframe imageframe-none imageframe-2 hover-type-none\" style=\"border:1px solid var(--awb-color6);border-radius:10px;\"><img decoding=\"async\" width=\"1080\" height=\"1080\" title=\"K\u00f8kkenteam\" src=\"http:\/\/staging-1644996869.stuaalborg.dk\/wp-content\/uploads\/2022\/11\/gastro_01_square.jpg\" alt class=\"img-responsive wp-image-501\" srcset=\"https:\/\/stuaalborg.dk\/wp-content\/uploads\/2022\/11\/gastro_01_square-200x200.jpg 200w, https:\/\/stuaalborg.dk\/wp-content\/uploads\/2022\/11\/gastro_01_square-400x400.jpg 400w, https:\/\/stuaalborg.dk\/wp-content\/uploads\/2022\/11\/gastro_01_square-600x600.jpg 600w, https:\/\/stuaalborg.dk\/wp-content\/uploads\/2022\/11\/gastro_01_square-800x800.jpg 800w, https:\/\/stuaalborg.dk\/wp-content\/uploads\/2022\/11\/gastro_01_square.jpg 1080w\" sizes=\"(max-width: 640px) 100vw, 600px\" \/><\/span><div class=\"awb-imageframe-caption-container\" style=\"text-align:center;\"><div class=\"awb-imageframe-caption\"><h6 class=\"awb-imageframe-caption-title\">K\u00f8kkenteam<\/h6><\/div><\/div><\/div><\/div><\/div><div class=\"fusion-layout-column fusion_builder_column fusion-builder-column-3 fusion_builder_column_1_2 1_2 fusion-flex-column\" style=\"--awb-bg-size:cover;--awb-width-large:50%;--awb-margin-top-large:0px;--awb-spacing-right-large:3.84%;--awb-margin-bottom-large:20px;--awb-spacing-left-large:3.84%;--awb-width-medium:50%;--awb-order-medium:0;--awb-spacing-right-medium:3.84%;--awb-spacing-left-medium:3.84%;--awb-width-small:100%;--awb-order-small:0;--awb-spacing-right-small:1.92%;--awb-spacing-left-small:1.92%;\"><div class=\"fusion-column-wrapper fusion-column-has-shadow fusion-flex-justify-content-flex-start fusion-content-layout-column\"><div class=\"fusion-text fusion-text-2\"><h3>Den enkelte elev l\u00e6rer<\/h3>\n<ul>\n<li>At tilberede sund og varieret mad til skolens elever, fester, kurser og andre arrangementer.<\/li>\n<li>Om b\u00e6redygtighed og reduktion af madspild.<\/li>\n<li>Om reng\u00f8ring og hygiejne i k\u00f8kkenet.<\/li>\n<li>Om personlig fremtr\u00e6den og service tilrettet forskellige m\u00e5lgrupper.<\/li>\n<li>At planl\u00e6gge og gennemf\u00f8re mange forskellige typer af events og arrangementer.<\/li>\n<\/ul>\n<p>Hverdagen er meget alsidig og varierende, og der er mulighed for at arbejde med b\u00e5de kreativitet og id\u00e9udvikling, planl\u00e6gning, markedsf\u00f8ring, service og produktion.<\/p>\n<\/div><\/div><\/div><div class=\"fusion-layout-column fusion_builder_column fusion-builder-column-4 fusion_builder_column_1_3 1_3 fusion-flex-column\" style=\"--awb-bg-size:cover;--awb-width-large:33.3333333333%;--awb-margin-top-large:0px;--awb-spacing-right-large:5.76%;--awb-margin-bottom-large:20px;--awb-spacing-left-large:5.76%;--awb-width-medium:33.3333333333%;--awb-order-medium:0;--awb-spacing-right-medium:5.76%;--awb-spacing-left-medium:5.76%;--awb-width-small:100%;--awb-order-small:0;--awb-spacing-right-small:1.92%;--awb-spacing-left-small:1.92%;\"><div class=\"fusion-column-wrapper fusion-column-has-shadow fusion-flex-justify-content-flex-start fusion-content-layout-column\"><div class=\"fusion-image-element awb-imageframe-style awb-imageframe-style-below awb-imageframe-style-3\" style=\"--awb-caption-title-font-family:var(--h6_typography-font-family);--awb-caption-title-font-weight:var(--h6_typography-font-weight);--awb-caption-title-font-style:var(--h6_typography-font-style);--awb-caption-title-size:var(--h6_typography-font-size);--awb-caption-title-transform:var(--h6_typography-text-transform);--awb-caption-title-line-height:var(--h6_typography-line-height);--awb-caption-title-letter-spacing:var(--h6_typography-letter-spacing);\"><span class=\" fusion-imageframe imageframe-none imageframe-3 hover-type-none\" style=\"border:1px solid var(--awb-color4);border-radius:15px;\"><img decoding=\"async\" width=\"1080\" height=\"1080\" title=\"Bordd\u00e6kning til kaffebord\" src=\"http:\/\/staging-1644996869.stuaalborg.dk\/wp-content\/uploads\/2022\/11\/gastro_04_square.jpg\" alt class=\"img-responsive wp-image-504\" srcset=\"https:\/\/stuaalborg.dk\/wp-content\/uploads\/2022\/11\/gastro_04_square-200x200.jpg 200w, https:\/\/stuaalborg.dk\/wp-content\/uploads\/2022\/11\/gastro_04_square-400x400.jpg 400w, https:\/\/stuaalborg.dk\/wp-content\/uploads\/2022\/11\/gastro_04_square-600x600.jpg 600w, https:\/\/stuaalborg.dk\/wp-content\/uploads\/2022\/11\/gastro_04_square-800x800.jpg 800w, https:\/\/stuaalborg.dk\/wp-content\/uploads\/2022\/11\/gastro_04_square.jpg 1080w\" sizes=\"(max-width: 640px) 100vw, 400px\" \/><\/span><div class=\"awb-imageframe-caption-container\" style=\"text-align:center;\"><div class=\"awb-imageframe-caption\"><h6 class=\"awb-imageframe-caption-title\">Bordd\u00e6kning til kaffebord<\/h6><\/div><\/div><\/div><\/div><\/div><div class=\"fusion-layout-column fusion_builder_column fusion-builder-column-5 fusion_builder_column_1_3 1_3 fusion-flex-column\" style=\"--awb-bg-size:cover;--awb-width-large:33.3333333333%;--awb-margin-top-large:0px;--awb-spacing-right-large:5.76%;--awb-margin-bottom-large:20px;--awb-spacing-left-large:5.76%;--awb-width-medium:33.3333333333%;--awb-order-medium:0;--awb-spacing-right-medium:5.76%;--awb-spacing-left-medium:5.76%;--awb-width-small:100%;--awb-order-small:0;--awb-spacing-right-small:1.92%;--awb-spacing-left-small:1.92%;\"><div class=\"fusion-column-wrapper fusion-column-has-shadow fusion-flex-justify-content-flex-start fusion-content-layout-column\"><div class=\"fusion-image-element awb-imageframe-style awb-imageframe-style-below awb-imageframe-style-4\" style=\"--awb-caption-title-font-family:var(--h6_typography-font-family);--awb-caption-title-font-weight:var(--h6_typography-font-weight);--awb-caption-title-font-style:var(--h6_typography-font-style);--awb-caption-title-size:var(--h6_typography-font-size);--awb-caption-title-transform:var(--h6_typography-text-transform);--awb-caption-title-line-height:var(--h6_typography-line-height);--awb-caption-title-letter-spacing:var(--h6_typography-letter-spacing);\"><span class=\" fusion-imageframe imageframe-none imageframe-4 hover-type-none\" style=\"border:1px solid var(--awb-color4);border-radius:15px;\"><img decoding=\"async\" width=\"1080\" height=\"1080\" title=\"H\u00f8jt hum\u00f8r i k\u00f8kkenet\" src=\"http:\/\/staging-1644996869.stuaalborg.dk\/wp-content\/uploads\/2022\/11\/gastro_02_square.jpg\" alt class=\"img-responsive wp-image-502\" srcset=\"https:\/\/stuaalborg.dk\/wp-content\/uploads\/2022\/11\/gastro_02_square-200x200.jpg 200w, https:\/\/stuaalborg.dk\/wp-content\/uploads\/2022\/11\/gastro_02_square-400x400.jpg 400w, https:\/\/stuaalborg.dk\/wp-content\/uploads\/2022\/11\/gastro_02_square-600x600.jpg 600w, https:\/\/stuaalborg.dk\/wp-content\/uploads\/2022\/11\/gastro_02_square-800x800.jpg 800w, https:\/\/stuaalborg.dk\/wp-content\/uploads\/2022\/11\/gastro_02_square.jpg 1080w\" sizes=\"(max-width: 640px) 100vw, 400px\" \/><\/span><div class=\"awb-imageframe-caption-container\" style=\"text-align:center;\"><div class=\"awb-imageframe-caption\"><h6 class=\"awb-imageframe-caption-title\">H\u00f8jt hum\u00f8r i k\u00f8kkenet<\/h6><\/div><\/div><\/div><\/div><\/div><div class=\"fusion-layout-column fusion_builder_column fusion-builder-column-6 fusion_builder_column_1_3 1_3 fusion-flex-column\" style=\"--awb-bg-size:cover;--awb-width-large:33.3333333333%;--awb-margin-top-large:0px;--awb-spacing-right-large:5.76%;--awb-margin-bottom-large:20px;--awb-spacing-left-large:5.76%;--awb-width-medium:33.3333333333%;--awb-order-medium:0;--awb-spacing-right-medium:5.76%;--awb-spacing-left-medium:5.76%;--awb-width-small:100%;--awb-order-small:0;--awb-spacing-right-small:1.92%;--awb-spacing-left-small:1.92%;\"><div class=\"fusion-column-wrapper fusion-column-has-shadow fusion-flex-justify-content-flex-start fusion-content-layout-column\"><div class=\"fusion-image-element awb-imageframe-style awb-imageframe-style-below awb-imageframe-style-5\" style=\"--awb-caption-title-font-family:var(--h6_typography-font-family);--awb-caption-title-font-weight:var(--h6_typography-font-weight);--awb-caption-title-font-style:var(--h6_typography-font-style);--awb-caption-title-size:var(--h6_typography-font-size);--awb-caption-title-transform:var(--h6_typography-text-transform);--awb-caption-title-line-height:var(--h6_typography-line-height);--awb-caption-title-letter-spacing:var(--h6_typography-letter-spacing);\"><span class=\" fusion-imageframe imageframe-none imageframe-5 hover-type-none\" style=\"border:1px solid var(--awb-color4);border-radius:15px;\"><img decoding=\"async\" width=\"1080\" height=\"1080\" title=\"High five, opgaven l\u00f8st i f\u00e6llesskab\" src=\"http:\/\/staging-1644996869.stuaalborg.dk\/wp-content\/uploads\/2022\/11\/gastro_03_square.jpg\" alt class=\"img-responsive wp-image-503\" srcset=\"https:\/\/stuaalborg.dk\/wp-content\/uploads\/2022\/11\/gastro_03_square-200x200.jpg 200w, https:\/\/stuaalborg.dk\/wp-content\/uploads\/2022\/11\/gastro_03_square-400x400.jpg 400w, https:\/\/stuaalborg.dk\/wp-content\/uploads\/2022\/11\/gastro_03_square-600x600.jpg 600w, https:\/\/stuaalborg.dk\/wp-content\/uploads\/2022\/11\/gastro_03_square-800x800.jpg 800w, https:\/\/stuaalborg.dk\/wp-content\/uploads\/2022\/11\/gastro_03_square.jpg 1080w\" sizes=\"(max-width: 640px) 100vw, 400px\" \/><\/span><div class=\"awb-imageframe-caption-container\" style=\"text-align:center;\"><div class=\"awb-imageframe-caption\"><h6 class=\"awb-imageframe-caption-title\">High five, opgaven l\u00f8st i f\u00e6llesskab<\/h6><\/div><\/div><\/div><\/div><\/div><\/div><\/div><\/p>\n","protected":false},"excerpt":{"rendered":"","protected":false},"author":1,"featured_media":0,"parent":0,"menu_order":0,"comment_status":"closed","ping_status":"closed","template":"","meta":{"inline_featured_image":false,"footnotes":""},"class_list":["post-330","page","type-page","status-publish","hentry"],"yoast_head":"<!-- This site is optimized with the Yoast SEO plugin v26.9 - https:\/\/yoast.com\/product\/yoast-seo-wordpress\/ -->\n<title>Gastronomi &amp; Event - STU Aalborg<\/title>\n<meta name=\"robots\" content=\"index, follow, max-snippet:-1, max-image-preview:large, max-video-preview:-1\" \/>\n<link rel=\"canonical\" href=\"https:\/\/stuaalborg.dk\/index.php\/gastronomi-event\/\" \/>\n<meta property=\"og:locale\" content=\"da_DK\" \/>\n<meta property=\"og:type\" content=\"article\" \/>\n<meta property=\"og:title\" content=\"Gastronomi &amp; Event - STU Aalborg\" \/>\n<meta property=\"og:url\" content=\"https:\/\/stuaalborg.dk\/index.php\/gastronomi-event\/\" \/>\n<meta property=\"og:site_name\" content=\"STU Aalborg\" \/>\n<meta property=\"article:modified_time\" content=\"2023-01-19T09:52:00+00:00\" \/>\n<meta name=\"twitter:card\" content=\"summary_large_image\" \/>\n<meta name=\"twitter:label1\" content=\"Estimeret l\u00e6setid\" \/>\n\t<meta name=\"twitter:data1\" content=\"10 minutter\" \/>\n<script type=\"application\/ld+json\" class=\"yoast-schema-graph\">{\"@context\":\"https:\/\/schema.org\",\"@graph\":[{\"@type\":\"WebPage\",\"@id\":\"https:\/\/stuaalborg.dk\/index.php\/gastronomi-event\/\",\"url\":\"https:\/\/stuaalborg.dk\/index.php\/gastronomi-event\/\",\"name\":\"Gastronomi & Event - STU Aalborg\",\"isPartOf\":{\"@id\":\"https:\/\/stuaalborg.dk\/#website\"},\"datePublished\":\"2022-10-24T10:26:16+00:00\",\"dateModified\":\"2023-01-19T09:52:00+00:00\",\"breadcrumb\":{\"@id\":\"https:\/\/stuaalborg.dk\/index.php\/gastronomi-event\/#breadcrumb\"},\"inLanguage\":\"da-DK\",\"potentialAction\":[{\"@type\":\"ReadAction\",\"target\":[\"https:\/\/stuaalborg.dk\/index.php\/gastronomi-event\/\"]}]},{\"@type\":\"BreadcrumbList\",\"@id\":\"https:\/\/stuaalborg.dk\/index.php\/gastronomi-event\/#breadcrumb\",\"itemListElement\":[{\"@type\":\"ListItem\",\"position\":1,\"name\":\"Hjem\",\"item\":\"https:\/\/stuaalborg.dk\/\"},{\"@type\":\"ListItem\",\"position\":2,\"name\":\"Gastronomi &#038; Event\"}]},{\"@type\":\"WebSite\",\"@id\":\"https:\/\/stuaalborg.dk\/#website\",\"url\":\"https:\/\/stuaalborg.dk\/\",\"name\":\"STU Aalborg\",\"description\":\"En del af FGU Aalborg, selvom det ligger i Lille Vildmose\",\"potentialAction\":[{\"@type\":\"SearchAction\",\"target\":{\"@type\":\"EntryPoint\",\"urlTemplate\":\"https:\/\/stuaalborg.dk\/?s={search_term_string}\"},\"query-input\":{\"@type\":\"PropertyValueSpecification\",\"valueRequired\":true,\"valueName\":\"search_term_string\"}}],\"inLanguage\":\"da-DK\"}]}<\/script>\n<!-- \/ Yoast SEO plugin. -->","yoast_head_json":{"title":"Gastronomi & Event - STU Aalborg","robots":{"index":"index","follow":"follow","max-snippet":"max-snippet:-1","max-image-preview":"max-image-preview:large","max-video-preview":"max-video-preview:-1"},"canonical":"https:\/\/stuaalborg.dk\/index.php\/gastronomi-event\/","og_locale":"da_DK","og_type":"article","og_title":"Gastronomi & Event - STU Aalborg","og_url":"https:\/\/stuaalborg.dk\/index.php\/gastronomi-event\/","og_site_name":"STU Aalborg","article_modified_time":"2023-01-19T09:52:00+00:00","twitter_card":"summary_large_image","twitter_misc":{"Estimeret l\u00e6setid":"10 minutter"},"schema":{"@context":"https:\/\/schema.org","@graph":[{"@type":"WebPage","@id":"https:\/\/stuaalborg.dk\/index.php\/gastronomi-event\/","url":"https:\/\/stuaalborg.dk\/index.php\/gastronomi-event\/","name":"Gastronomi & Event - STU Aalborg","isPartOf":{"@id":"https:\/\/stuaalborg.dk\/#website"},"datePublished":"2022-10-24T10:26:16+00:00","dateModified":"2023-01-19T09:52:00+00:00","breadcrumb":{"@id":"https:\/\/stuaalborg.dk\/index.php\/gastronomi-event\/#breadcrumb"},"inLanguage":"da-DK","potentialAction":[{"@type":"ReadAction","target":["https:\/\/stuaalborg.dk\/index.php\/gastronomi-event\/"]}]},{"@type":"BreadcrumbList","@id":"https:\/\/stuaalborg.dk\/index.php\/gastronomi-event\/#breadcrumb","itemListElement":[{"@type":"ListItem","position":1,"name":"Hjem","item":"https:\/\/stuaalborg.dk\/"},{"@type":"ListItem","position":2,"name":"Gastronomi &#038; Event"}]},{"@type":"WebSite","@id":"https:\/\/stuaalborg.dk\/#website","url":"https:\/\/stuaalborg.dk\/","name":"STU Aalborg","description":"En del af FGU Aalborg, selvom det ligger i Lille Vildmose","potentialAction":[{"@type":"SearchAction","target":{"@type":"EntryPoint","urlTemplate":"https:\/\/stuaalborg.dk\/?s={search_term_string}"},"query-input":{"@type":"PropertyValueSpecification","valueRequired":true,"valueName":"search_term_string"}}],"inLanguage":"da-DK"}]}},"_links":{"self":[{"href":"https:\/\/stuaalborg.dk\/index.php\/wp-json\/wp\/v2\/pages\/330","targetHints":{"allow":["GET"]}}],"collection":[{"href":"https:\/\/stuaalborg.dk\/index.php\/wp-json\/wp\/v2\/pages"}],"about":[{"href":"https:\/\/stuaalborg.dk\/index.php\/wp-json\/wp\/v2\/types\/page"}],"author":[{"embeddable":true,"href":"https:\/\/stuaalborg.dk\/index.php\/wp-json\/wp\/v2\/users\/1"}],"replies":[{"embeddable":true,"href":"https:\/\/stuaalborg.dk\/index.php\/wp-json\/wp\/v2\/comments?post=330"}],"version-history":[{"count":0,"href":"https:\/\/stuaalborg.dk\/index.php\/wp-json\/wp\/v2\/pages\/330\/revisions"}],"wp:attachment":[{"href":"https:\/\/stuaalborg.dk\/index.php\/wp-json\/wp\/v2\/media?parent=330"}],"curies":[{"name":"wp","href":"https:\/\/api.w.org\/{rel}","templated":true}]}}