{"id":358,"date":"2022-10-25T07:16:53","date_gmt":"2022-10-25T07:16:53","guid":{"rendered":"https:\/\/stuaalborg.wpengine.com\/?page_id=358"},"modified":"2026-03-10T12:11:27","modified_gmt":"2026-03-10T12:11:27","slug":"stu-forloeb","status":"publish","type":"page","link":"https:\/\/stuaalborg.dk\/index.php\/stu-forloeb\/","title":{"rendered":"STU forl\u00f8b"},"content":{"rendered":"<div class=\"fusion-fullwidth fullwidth-box fusion-builder-row-1 fusion-flex-container has-pattern-background has-mask-background nonhundred-percent-fullwidth non-hundred-percent-height-scrolling\" style=\"--awb-border-radius-top-left:0px;--awb-border-radius-top-right:0px;--awb-border-radius-bottom-right:0px;--awb-border-radius-bottom-left:0px;--awb-flex-wrap:wrap;\" ><div class=\"fusion-builder-row fusion-row fusion-flex-align-items-flex-start fusion-flex-content-wrap\" style=\"max-width:1248px;margin-left: calc(-4% \/ 2 );margin-right: calc(-4% \/ 2 );\"><div class=\"fusion-layout-column fusion_builder_column fusion-builder-column-0 fusion_builder_column_1_2 1_2 fusion-flex-column\" style=\"--awb-bg-size:cover;--awb-width-large:50%;--awb-margin-top-large:0px;--awb-spacing-right-large:3.84%;--awb-margin-bottom-large:20px;--awb-spacing-left-large:3.84%;--awb-width-medium:50%;--awb-order-medium:0;--awb-spacing-right-medium:3.84%;--awb-spacing-left-medium:3.84%;--awb-width-small:100%;--awb-order-small:0;--awb-spacing-right-small:1.92%;--awb-spacing-left-small:1.92%;\"><div class=\"fusion-column-wrapper fusion-column-has-shadow fusion-flex-justify-content-flex-start fusion-content-layout-column\"><div class=\"fusion-text fusion-text-1\"><h1>STU forl\u00f8b<\/h1>\n<p>P\u00e5 Lille Vildmose STU tager vi udgangspunkt i den enkelte unges \u00f8nsker, kompetencer og f\u00e6rdigheder.<br \/>\nEt STU forl\u00f8b er individuelt sammensat p\u00e5 baggrund af en forl\u00f8bsplan, som laves ved opstart sammen med en vejleder. Fokus er altid p\u00e5 tilknytning til arbejds- og uddannelsesmarkedet, og forl\u00f8bsplanen angiver en individuel plan der henimod, hvor der tages hensyn til den enkeltes foruds\u00e6tninger.<\/p>\n<p>STU-uddannelsen p\u00e5\u00a0<a href=\"https:\/\/www.fguaalborg.dk\/\" target=\"_blank\" rel=\"noopener\">FGU Aalborg<\/a>\u00a0er kendetegnet ved en v\u00e6rkstedsbaseret og helhedsorienteret undervisning. Sigtet er at g\u00f8re den enkelte parat til videre uddannelse, ordin\u00e6r besk\u00e6ftigelse eller besk\u00e6ftigelse p\u00e5 s\u00e6rlige vilk\u00e5r, fx fleksjob.<br \/>\nUndervisningen er bygget op om v\u00e6rkstedsarbejde, hvor vi udbyder tre forskellige linjer:\u00a0<a href=\"https:\/\/stuaalborg.dk\/index.php\/haandvaerk-ejendomsservice\/\">H\u00e5ndv\u00e6rk &amp; Ejendomsservice<\/a>,<a href=\"https:\/\/stuaalborg.dk\/index.php\/jordbrug-dyrehold\/\">Jordbrug og Dyrehold<\/a>\u00a0og\u00a0<a href=\"https:\/\/stuaalborg.dk\/index.php\/gastronomi-event\/\">Gastronomi og Event.<\/a><\/p>\n<p>P\u00e5 v\u00e6rkstederne undervises eleven i brug af relevante maskiner, v\u00e6rkt\u00f8jer, korrekt behandling af materialer samt brug af relevante fagudtryk. V\u00e6rkstedsarbejdet tager udgangspunkt i reelle bestillinger p\u00e5 produkter eller ydelser, da vi mener, at dette bedst bidrager til den enkeltes udvikling af arbejdsidentitet.<\/p>\n<p>P\u00e5 skolen tilbyder vi ogs\u00e5 undervisning i dansk, matematik, samfundsforhold og PASE (Privat\u00f8konomi, arbejdspladsl\u00e6re, samarbejdsl\u00e6re, erhvervsl\u00e6re), ligesom der i dagligdagen er indlagt pauser, hvor vi fokuserer p\u00e5 sundhed, trivsel og motion.<br \/>\nI undervisningen tages udgangspunkt i den enkelte elev, og de teoretiske fag bygges p\u00e5 efter behov og foruds\u00e6tninger.<\/p>\n<p>Igennem STU forl\u00f8bet tildeles alle elever \u00e9n fast kontaktperson, der f\u00f8lger eleven hele vejen, og som sikrer, at elevens trives i forl\u00f8bet, og at der arbejdes hen mod de aftalte m\u00e5l.<br \/>\nUdover det faglige perspektiv v\u00e6gter vi f\u00e6llesskab og ungemilj\u00f8 h\u00f8jt. Vi har l\u00f8bende forskellige sociale arrangementer, ekskursioner og mindst en \u00e5rlig studietur.<\/p>\n<\/div><\/div><\/div><div class=\"fusion-layout-column fusion_builder_column fusion-builder-column-1 fusion_builder_column_1_2 1_2 fusion-flex-column\" style=\"--awb-bg-size:cover;--awb-width-large:50%;--awb-margin-top-large:0px;--awb-spacing-right-large:3.84%;--awb-margin-bottom-large:20px;--awb-spacing-left-large:3.84%;--awb-width-medium:50%;--awb-order-medium:0;--awb-spacing-right-medium:3.84%;--awb-spacing-left-medium:3.84%;--awb-width-small:100%;--awb-order-small:0;--awb-spacing-right-small:1.92%;--awb-spacing-left-small:1.92%;\"><div class=\"fusion-column-wrapper fusion-column-has-shadow fusion-flex-justify-content-flex-start fusion-content-layout-column\"><\/div><\/div><\/div><\/div>\n","protected":false},"excerpt":{"rendered":"","protected":false},"author":1,"featured_media":0,"parent":0,"menu_order":0,"comment_status":"closed","ping_status":"closed","template":"","meta":{"inline_featured_image":false,"footnotes":""},"class_list":["post-358","page","type-page","status-publish","hentry"],"yoast_head":"<!-- This site is optimized with the Yoast SEO plugin v26.9 - https:\/\/yoast.com\/product\/yoast-seo-wordpress\/ -->\n<title>STU forl\u00f8b - STU Aalborg<\/title>\n<meta name=\"robots\" content=\"index, follow, max-snippet:-1, max-image-preview:large, max-video-preview:-1\" \/>\n<link rel=\"canonical\" href=\"https:\/\/stuaalborg.dk\/index.php\/stu-forloeb\/\" \/>\n<meta property=\"og:locale\" content=\"da_DK\" \/>\n<meta property=\"og:type\" content=\"article\" \/>\n<meta property=\"og:title\" content=\"STU forl\u00f8b - STU Aalborg\" \/>\n<meta property=\"og:url\" content=\"https:\/\/stuaalborg.dk\/index.php\/stu-forloeb\/\" \/>\n<meta property=\"og:site_name\" content=\"STU Aalborg\" \/>\n<meta property=\"article:modified_time\" content=\"2026-03-10T12:11:27+00:00\" \/>\n<meta name=\"twitter:card\" content=\"summary_large_image\" \/>\n<meta name=\"twitter:label1\" content=\"Estimeret l\u00e6setid\" \/>\n\t<meta name=\"twitter:data1\" content=\"2 minutter\" \/>\n<script type=\"application\/ld+json\" class=\"yoast-schema-graph\">{\"@context\":\"https:\/\/schema.org\",\"@graph\":[{\"@type\":\"WebPage\",\"@id\":\"https:\/\/stuaalborg.dk\/index.php\/stu-forloeb\/\",\"url\":\"https:\/\/stuaalborg.dk\/index.php\/stu-forloeb\/\",\"name\":\"STU forl\u00f8b - STU Aalborg\",\"isPartOf\":{\"@id\":\"https:\/\/stuaalborg.dk\/#website\"},\"datePublished\":\"2022-10-25T07:16:53+00:00\",\"dateModified\":\"2026-03-10T12:11:27+00:00\",\"breadcrumb\":{\"@id\":\"https:\/\/stuaalborg.dk\/index.php\/stu-forloeb\/#breadcrumb\"},\"inLanguage\":\"da-DK\",\"potentialAction\":[{\"@type\":\"ReadAction\",\"target\":[\"https:\/\/stuaalborg.dk\/index.php\/stu-forloeb\/\"]}]},{\"@type\":\"BreadcrumbList\",\"@id\":\"https:\/\/stuaalborg.dk\/index.php\/stu-forloeb\/#breadcrumb\",\"itemListElement\":[{\"@type\":\"ListItem\",\"position\":1,\"name\":\"Hjem\",\"item\":\"https:\/\/stuaalborg.dk\/\"},{\"@type\":\"ListItem\",\"position\":2,\"name\":\"STU forl\u00f8b\"}]},{\"@type\":\"WebSite\",\"@id\":\"https:\/\/stuaalborg.dk\/#website\",\"url\":\"https:\/\/stuaalborg.dk\/\",\"name\":\"STU Aalborg\",\"description\":\"En del af FGU Aalborg, selvom det ligger i Lille Vildmose\",\"potentialAction\":[{\"@type\":\"SearchAction\",\"target\":{\"@type\":\"EntryPoint\",\"urlTemplate\":\"https:\/\/stuaalborg.dk\/?s={search_term_string}\"},\"query-input\":{\"@type\":\"PropertyValueSpecification\",\"valueRequired\":true,\"valueName\":\"search_term_string\"}}],\"inLanguage\":\"da-DK\"}]}<\/script>\n<!-- \/ Yoast SEO plugin. -->","yoast_head_json":{"title":"STU forl\u00f8b - STU Aalborg","robots":{"index":"index","follow":"follow","max-snippet":"max-snippet:-1","max-image-preview":"max-image-preview:large","max-video-preview":"max-video-preview:-1"},"canonical":"https:\/\/stuaalborg.dk\/index.php\/stu-forloeb\/","og_locale":"da_DK","og_type":"article","og_title":"STU forl\u00f8b - STU Aalborg","og_url":"https:\/\/stuaalborg.dk\/index.php\/stu-forloeb\/","og_site_name":"STU Aalborg","article_modified_time":"2026-03-10T12:11:27+00:00","twitter_card":"summary_large_image","twitter_misc":{"Estimeret l\u00e6setid":"2 minutter"},"schema":{"@context":"https:\/\/schema.org","@graph":[{"@type":"WebPage","@id":"https:\/\/stuaalborg.dk\/index.php\/stu-forloeb\/","url":"https:\/\/stuaalborg.dk\/index.php\/stu-forloeb\/","name":"STU forl\u00f8b - STU Aalborg","isPartOf":{"@id":"https:\/\/stuaalborg.dk\/#website"},"datePublished":"2022-10-25T07:16:53+00:00","dateModified":"2026-03-10T12:11:27+00:00","breadcrumb":{"@id":"https:\/\/stuaalborg.dk\/index.php\/stu-forloeb\/#breadcrumb"},"inLanguage":"da-DK","potentialAction":[{"@type":"ReadAction","target":["https:\/\/stuaalborg.dk\/index.php\/stu-forloeb\/"]}]},{"@type":"BreadcrumbList","@id":"https:\/\/stuaalborg.dk\/index.php\/stu-forloeb\/#breadcrumb","itemListElement":[{"@type":"ListItem","position":1,"name":"Hjem","item":"https:\/\/stuaalborg.dk\/"},{"@type":"ListItem","position":2,"name":"STU forl\u00f8b"}]},{"@type":"WebSite","@id":"https:\/\/stuaalborg.dk\/#website","url":"https:\/\/stuaalborg.dk\/","name":"STU Aalborg","description":"En del af FGU Aalborg, selvom det ligger i Lille Vildmose","potentialAction":[{"@type":"SearchAction","target":{"@type":"EntryPoint","urlTemplate":"https:\/\/stuaalborg.dk\/?s={search_term_string}"},"query-input":{"@type":"PropertyValueSpecification","valueRequired":true,"valueName":"search_term_string"}}],"inLanguage":"da-DK"}]}},"_links":{"self":[{"href":"https:\/\/stuaalborg.dk\/index.php\/wp-json\/wp\/v2\/pages\/358","targetHints":{"allow":["GET"]}}],"collection":[{"href":"https:\/\/stuaalborg.dk\/index.php\/wp-json\/wp\/v2\/pages"}],"about":[{"href":"https:\/\/stuaalborg.dk\/index.php\/wp-json\/wp\/v2\/types\/page"}],"author":[{"embeddable":true,"href":"https:\/\/stuaalborg.dk\/index.php\/wp-json\/wp\/v2\/users\/1"}],"replies":[{"embeddable":true,"href":"https:\/\/stuaalborg.dk\/index.php\/wp-json\/wp\/v2\/comments?post=358"}],"version-history":[{"count":0,"href":"https:\/\/stuaalborg.dk\/index.php\/wp-json\/wp\/v2\/pages\/358\/revisions"}],"wp:attachment":[{"href":"https:\/\/stuaalborg.dk\/index.php\/wp-json\/wp\/v2\/media?parent=358"}],"curies":[{"name":"wp","href":"https:\/\/api.w.org\/{rel}","templated":true}]}}