{"id":379,"date":"2022-10-25T08:54:51","date_gmt":"2022-10-25T08:54:51","guid":{"rendered":"https:\/\/stuaalborg.wpengine.com\/?page_id=379"},"modified":"2026-03-10T12:30:32","modified_gmt":"2026-03-10T12:30:32","slug":"botraening","status":"publish","type":"page","link":"https:\/\/stuaalborg.dk\/index.php\/botraening\/","title":{"rendered":"Botr\u00e6ning"},"content":{"rendered":"<p><div class=\"fusion-fullwidth fullwidth-box fusion-builder-row-1 fusion-flex-container has-pattern-background has-mask-background nonhundred-percent-fullwidth non-hundred-percent-height-scrolling\" style=\"--awb-border-radius-top-left:0px;--awb-border-radius-top-right:0px;--awb-border-radius-bottom-right:0px;--awb-border-radius-bottom-left:0px;--awb-flex-wrap:wrap;\" ><div class=\"fusion-builder-row fusion-row fusion-flex-align-items-flex-start fusion-flex-content-wrap\" style=\"max-width:1248px;margin-left: calc(-4% \/ 2 );margin-right: calc(-4% \/ 2 );\"><div class=\"fusion-layout-column fusion_builder_column fusion-builder-column-0 fusion_builder_column_1_2 1_2 fusion-flex-column\" style=\"--awb-bg-size:cover;--awb-width-large:50%;--awb-margin-top-large:0px;--awb-spacing-right-large:3.84%;--awb-margin-bottom-large:20px;--awb-spacing-left-large:3.84%;--awb-width-medium:50%;--awb-order-medium:0;--awb-spacing-right-medium:3.84%;--awb-spacing-left-medium:3.84%;--awb-width-small:100%;--awb-order-small:0;--awb-spacing-right-small:1.92%;--awb-spacing-left-small:1.92%;\"><div class=\"fusion-column-wrapper fusion-column-has-shadow fusion-flex-justify-content-flex-start fusion-content-layout-column\"><div class=\"fusion-text fusion-text-1\"><h1>Botr\u00e6ning<\/h1>\n<p>FGU Aalborg tilbyder botr\u00e6ning til unge mellem 17 og 25 \u00e5r, i en af institutionens tre botr\u00e6ningsenheder efter\u00a0<a href=\"https:\/\/danskelove.dk\/serviceloven\">Servicelovens<\/a>:<\/p>\n<ul>\n<li><a href=\"https:\/\/danskelove.dk\/serviceloven\/85\">\u00a785\u00a0<\/a>(Kommunalbestyrelsen skal tilbyde hj\u00e6lp, omsorg eller st\u00f8tte samt optr\u00e6ning og hj\u00e6lp til udvikling af f\u00e6rdigheder til personer, der har behov herfor p\u00e5 grund af betydelig nedsat fysisk eller psykisk funktionsevne eller s\u00e6rlige sociale problemer<\/li>\n<li><a href=\"https:\/\/danskelove.dk\/serviceloven\/76\">\u00a776\u00a0<\/a>(Efterv\u00e6rn Unge i alderen fra 18 til 22 \u00e5r kan tilbydes efterv\u00e6rn, n\u00e5r det m\u00e5 anses for at v\u00e6re af v\u00e6sentlig betydning af hensyn til den unges behov for st\u00f8tte, og hvis den unge er indforst\u00e5et hermed. Hj\u00e6lpen skal bidrage til en god overgang til en selvst\u00e6ndig tilv\u00e6relse og herunder have fokus p\u00e5 at underst\u00f8tte den unges uddannelse og besk\u00e6ftigelse samt \u00f8vrige relevante forhold, f.eks. anskaffelse af selvst\u00e6ndig bolig<\/li>\n<li><a href=\"https:\/\/danskelove.dk\/serviceloven\/52\">\u00a752\u00a0<\/a>(Kommunalbestyrelsen kan tr\u00e6ffe afg\u00f8relse om foranstaltninger, n\u00e5r det m\u00e5 anses for at v\u00e6re af v\u00e6sentlig betydning af hensyn til et barns eller en unges s\u00e6rlige behov for st\u00f8tte. Ved\u00a0<a href=\"https:\/\/www.fguaalborg.dk\/\">FGU Aalborg<\/a>\u00a0tilbydes bo-tr\u00e6ning under stk. 3, punkt 6)\u00a0<a href=\"https:\/\/stuaalborg.dk\/index.php\/organisation\/medarbejdere\/\">Kontaktperson<\/a>\u00a0eller punkt 9) Anden hj\u00e6lp, der har til form\u00e5l at yde r\u00e5dgivning, behandling og praktisk og p\u00e6dagogisk st\u00f8tte.)<\/li>\n<\/ul>\n<p>Institutionen r\u00e5der over 16 botr\u00e6ningspladser i henholdsvis Mou og Kongerslev.<\/p>\n<\/div><\/div><\/div><div class=\"fusion-layout-column fusion_builder_column fusion-builder-column-1 fusion_builder_column_1_2 1_2 fusion-flex-column\" style=\"--awb-bg-size:cover;--awb-width-large:50%;--awb-margin-top-large:0px;--awb-spacing-right-large:3.84%;--awb-margin-bottom-large:20px;--awb-spacing-left-large:3.84%;--awb-width-medium:50%;--awb-order-medium:0;--awb-spacing-right-medium:3.84%;--awb-spacing-left-medium:3.84%;--awb-width-small:100%;--awb-order-small:0;--awb-spacing-right-small:1.92%;--awb-spacing-left-small:1.92%;\"><div class=\"fusion-column-wrapper fusion-column-has-shadow fusion-flex-justify-content-flex-start fusion-content-layout-column\"><div class=\"fusion-image-element \" style=\"--awb-caption-title-font-family:var(--h2_typography-font-family);--awb-caption-title-font-weight:var(--h2_typography-font-weight);--awb-caption-title-font-style:var(--h2_typography-font-style);--awb-caption-title-size:var(--h2_typography-font-size);--awb-caption-title-transform:var(--h2_typography-text-transform);--awb-caption-title-line-height:var(--h2_typography-line-height);--awb-caption-title-letter-spacing:var(--h2_typography-letter-spacing);\"><span class=\" fusion-imageframe imageframe-none imageframe-1 hover-type-none\"><img decoding=\"async\" width=\"797\" height=\"382\" title=\"stu boblediagram\" src=\"https:\/\/stuaalborg.dk\/wp-content\/uploads\/stu-boblediagram.png\" alt class=\"img-responsive wp-image-685\" srcset=\"https:\/\/stuaalborg.dk\/wp-content\/uploads\/stu-boblediagram-200x96.png 200w, https:\/\/stuaalborg.dk\/wp-content\/uploads\/stu-boblediagram-400x192.png 400w, https:\/\/stuaalborg.dk\/wp-content\/uploads\/stu-boblediagram-600x288.png 600w, https:\/\/stuaalborg.dk\/wp-content\/uploads\/stu-boblediagram.png 797w\" sizes=\"(max-width: 640px) 100vw, 600px\" \/><\/span><\/div><\/div><\/div><\/div><\/div><div class=\"fusion-fullwidth fullwidth-box fusion-builder-row-2 fusion-flex-container has-pattern-background has-mask-background nonhundred-percent-fullwidth non-hundred-percent-height-scrolling\" style=\"--awb-border-radius-top-left:0px;--awb-border-radius-top-right:0px;--awb-border-radius-bottom-right:0px;--awb-border-radius-bottom-left:0px;--awb-flex-wrap:wrap;\" ><div class=\"fusion-builder-row fusion-row fusion-flex-align-items-flex-start fusion-flex-content-wrap\" style=\"max-width:1248px;margin-left: calc(-4% \/ 2 );margin-right: calc(-4% \/ 2 );\"><div class=\"fusion-layout-column fusion_builder_column fusion-builder-column-2 fusion_builder_column_1_2 1_2 fusion-flex-column\" style=\"--awb-bg-size:cover;--awb-width-large:50%;--awb-margin-top-large:0px;--awb-spacing-right-large:3.84%;--awb-margin-bottom-large:20px;--awb-spacing-left-large:3.84%;--awb-width-medium:50%;--awb-order-medium:0;--awb-spacing-right-medium:3.84%;--awb-spacing-left-medium:3.84%;--awb-width-small:100%;--awb-order-small:0;--awb-spacing-right-small:1.92%;--awb-spacing-left-small:1.92%;\"><div class=\"fusion-column-wrapper fusion-column-has-shadow fusion-flex-justify-content-flex-start fusion-content-layout-column\"><div class=\"fusion-image-element awb-imageframe-style awb-imageframe-style-below awb-imageframe-style-2\" style=\"--awb-caption-margin-top:10px;--awb-caption-title-font-family:var(--h6_typography-font-family);--awb-caption-title-font-weight:var(--h6_typography-font-weight);--awb-caption-title-font-style:var(--h6_typography-font-style);--awb-caption-title-size:var(--h6_typography-font-size);--awb-caption-title-transform:var(--h6_typography-text-transform);--awb-caption-title-line-height:var(--h6_typography-line-height);--awb-caption-title-letter-spacing:var(--h6_typography-letter-spacing);\"><span class=\" fusion-imageframe imageframe-none imageframe-2 hover-type-none\" style=\"border:1px solid var(--awb-color6);border-radius:15px;\"><img decoding=\"async\" width=\"1240\" height=\"827\" alt=\"Boligen i Kongerslev botr\u00e6ning for unge\" title=\"Boligen i Kongerslev\" src=\"http:\/\/staging-1644996869.stuaalborg.dk\/wp-content\/uploads\/2022\/10\/Kongerslev_Q3A6418-1.jpg\" class=\"img-responsive wp-image-409\" srcset=\"https:\/\/stuaalborg.dk\/wp-content\/uploads\/2022\/10\/Kongerslev_Q3A6418-1-200x133.jpg 200w, https:\/\/stuaalborg.dk\/wp-content\/uploads\/2022\/10\/Kongerslev_Q3A6418-1-400x267.jpg 400w, https:\/\/stuaalborg.dk\/wp-content\/uploads\/2022\/10\/Kongerslev_Q3A6418-1-600x400.jpg 600w, https:\/\/stuaalborg.dk\/wp-content\/uploads\/2022\/10\/Kongerslev_Q3A6418-1-800x534.jpg 800w, https:\/\/stuaalborg.dk\/wp-content\/uploads\/2022\/10\/Kongerslev_Q3A6418-1-1200x800.jpg 1200w, https:\/\/stuaalborg.dk\/wp-content\/uploads\/2022\/10\/Kongerslev_Q3A6418-1.jpg 1240w\" sizes=\"(max-width: 640px) 100vw, 600px\" \/><\/span><div class=\"awb-imageframe-caption-container\" style=\"text-align:center;\"><div class=\"awb-imageframe-caption\"><h6 class=\"awb-imageframe-caption-title\">Boligen i Kongerslev<\/h6><\/div><\/div><\/div><\/div><\/div><div class=\"fusion-layout-column fusion_builder_column fusion-builder-column-3 fusion_builder_column_1_2 1_2 fusion-flex-column\" style=\"--awb-bg-size:cover;--awb-width-large:50%;--awb-margin-top-large:0px;--awb-spacing-right-large:3.84%;--awb-margin-bottom-large:20px;--awb-spacing-left-large:3.84%;--awb-width-medium:50%;--awb-order-medium:0;--awb-spacing-right-medium:3.84%;--awb-spacing-left-medium:3.84%;--awb-width-small:100%;--awb-order-small:0;--awb-spacing-right-small:1.92%;--awb-spacing-left-small:1.92%;\"><div class=\"fusion-column-wrapper fusion-column-has-shadow fusion-flex-justify-content-flex-start fusion-content-layout-column\"><div class=\"fusion-text fusion-text-2\"><h2>Indholdet i bo-tr\u00e6ningen<\/h2>\n<p>Unge, der tilbydes botr\u00e6ning, bor i eget v\u00e6relse i et af vores botr\u00e6ningshuse. Botr\u00e6ningen tilrettel\u00e6gges ud fra den unges \u00f8nsker, foruds\u00e6tninger og behov, og kan blandt andet indeholde st\u00f8tte i forskellige praktiske opgaver i hjemmet, indk\u00f8b og madlavning, h\u00e5ndtering af\u00a0<a href=\"https:\/\/www.e-boks.com\/danmark\/da\">e-boks<\/a>\u00a0og \u00f8konomi, samt st\u00f8tte til at have en aktiv fritid med fritidsinteresser og venner.<\/p>\n<p>Vi s\u00e6tter igennem botr\u00e6ningen s\u00e6rlig fokus p\u00e5 at st\u00f8tte den enkelte i at etablere og vedligeholde gode sociale relationer b\u00e5de sammen med unge, de m\u00f8der igennem deres skole og fritidstilbud, men ogs\u00e5 med de andre unge i samme botr\u00e6ningshus. Blandt andet tilbyder vi flere gange om \u00e5ret b\u00e5de mindre og st\u00f8rre f\u00e6llesudflugter med overnatning, ligesom der p\u00e5 tv\u00e6rs af botr\u00e6ningshusene er f\u00e6llesspisninger, temaaftner mv.<\/p>\n<p>M\u00e5let er at den enkelte igennem botr\u00e6ningen kan opn\u00e5 personlig udvikling og nye mestringsstrategier, s\u00e5ledes at den unge efter 1-3 \u00e5r fungerer selvst\u00e6ndigt og kan flytte i egen bolig eventuelt med f\u00e5 st\u00f8ttetimer.<\/p>\n<p>Det er desuden ogs\u00e5 m\u00e5let, at den enkelte unge har opn\u00e5et tilstr\u00e6kkelige kompetencer til fastholdelse og gennemf\u00f8relse af uddannelse og\/eller arbejde under s\u00e6rlige eller ordin\u00e6re vilk\u00e5r.<\/p>\n<\/div><\/div><\/div><\/div><\/div><div class=\"fusion-fullwidth fullwidth-box fusion-builder-row-3 fusion-flex-container has-pattern-background has-mask-background nonhundred-percent-fullwidth non-hundred-percent-height-scrolling\" style=\"--awb-border-radius-top-left:0px;--awb-border-radius-top-right:0px;--awb-border-radius-bottom-right:0px;--awb-border-radius-bottom-left:0px;--awb-flex-wrap:wrap;\" ><div class=\"fusion-builder-row fusion-row fusion-flex-align-items-flex-start fusion-flex-content-wrap\" style=\"max-width:1248px;margin-left: calc(-4% \/ 2 );margin-right: calc(-4% \/ 2 );\"><div class=\"fusion-layout-column fusion_builder_column fusion-builder-column-4 fusion_builder_column_1_2 1_2 fusion-flex-column\" style=\"--awb-bg-size:cover;--awb-width-large:50%;--awb-margin-top-large:0px;--awb-spacing-right-large:3.84%;--awb-margin-bottom-large:20px;--awb-spacing-left-large:3.84%;--awb-width-medium:50%;--awb-order-medium:0;--awb-spacing-right-medium:3.84%;--awb-spacing-left-medium:3.84%;--awb-width-small:100%;--awb-order-small:0;--awb-spacing-right-small:1.92%;--awb-spacing-left-small:1.92%;\"><div class=\"fusion-column-wrapper fusion-column-has-shadow fusion-flex-justify-content-flex-start fusion-content-layout-column\"><div class=\"fusion-image-element awb-imageframe-style awb-imageframe-style-below awb-imageframe-style-3\" style=\"--awb-caption-margin-top:10px;--awb-caption-title-font-family:var(--h6_typography-font-family);--awb-caption-title-font-weight:var(--h6_typography-font-weight);--awb-caption-title-font-style:var(--h6_typography-font-style);--awb-caption-title-size:var(--h6_typography-font-size);--awb-caption-title-transform:var(--h6_typography-text-transform);--awb-caption-title-line-height:var(--h6_typography-line-height);--awb-caption-title-letter-spacing:var(--h6_typography-letter-spacing);\"><span class=\" fusion-imageframe imageframe-none imageframe-3 hover-type-none\" style=\"border:1px solid var(--awb-color6);border-radius:15px;\"><img decoding=\"async\" width=\"1240\" height=\"827\" alt=\"F\u00e6llesrum i Mou botr\u00e6ning for unge\" title=\"F\u00e6llesrum p\u00e5 Mou Hotel\" src=\"http:\/\/staging-1644996869.stuaalborg.dk\/wp-content\/uploads\/2022\/10\/mou_Q3A6444.jpg\" class=\"img-responsive wp-image-411\" srcset=\"https:\/\/stuaalborg.dk\/wp-content\/uploads\/2022\/10\/mou_Q3A6444-200x133.jpg 200w, https:\/\/stuaalborg.dk\/wp-content\/uploads\/2022\/10\/mou_Q3A6444-400x267.jpg 400w, https:\/\/stuaalborg.dk\/wp-content\/uploads\/2022\/10\/mou_Q3A6444-600x400.jpg 600w, https:\/\/stuaalborg.dk\/wp-content\/uploads\/2022\/10\/mou_Q3A6444-800x534.jpg 800w, https:\/\/stuaalborg.dk\/wp-content\/uploads\/2022\/10\/mou_Q3A6444-1200x800.jpg 1200w, https:\/\/stuaalborg.dk\/wp-content\/uploads\/2022\/10\/mou_Q3A6444.jpg 1240w\" sizes=\"(max-width: 640px) 100vw, 600px\" \/><\/span><div class=\"awb-imageframe-caption-container\" style=\"text-align:center;\"><div class=\"awb-imageframe-caption\"><h6 class=\"awb-imageframe-caption-title\">F\u00e6llesrum p\u00e5 Mou Hotel<\/h6><\/div><\/div><\/div><\/div><\/div><div class=\"fusion-layout-column fusion_builder_column fusion-builder-column-5 fusion_builder_column_1_2 1_2 fusion-flex-column\" style=\"--awb-bg-size:cover;--awb-width-large:50%;--awb-margin-top-large:0px;--awb-spacing-right-large:3.84%;--awb-margin-bottom-large:20px;--awb-spacing-left-large:3.84%;--awb-width-medium:50%;--awb-order-medium:0;--awb-spacing-right-medium:3.84%;--awb-spacing-left-medium:3.84%;--awb-width-small:100%;--awb-order-small:0;--awb-spacing-right-small:1.92%;--awb-spacing-left-small:1.92%;\"><div class=\"fusion-column-wrapper fusion-column-has-shadow fusion-flex-justify-content-flex-start fusion-content-layout-column\"><\/div><\/div><\/div><\/div><\/p>\n","protected":false},"excerpt":{"rendered":"","protected":false},"author":1,"featured_media":0,"parent":0,"menu_order":0,"comment_status":"closed","ping_status":"closed","template":"","meta":{"inline_featured_image":false,"footnotes":""},"class_list":["post-379","page","type-page","status-publish","hentry"],"yoast_head":"<!-- This site is optimized with the Yoast SEO plugin v26.9 - https:\/\/yoast.com\/product\/yoast-seo-wordpress\/ -->\n<title>Botr\u00e6ning - STU Aalborg<\/title>\n<meta name=\"description\" content=\"FGU Aalborg tilbyder bo-tr\u00e6ning for unge mellem 17 og 25 \u00e5r, i en af institutionens tre bo-tr\u00e6ningsenheder efter Servicelovens \u00a7 52, 76 og 85\" \/>\n<meta name=\"robots\" content=\"index, follow, max-snippet:-1, max-image-preview:large, max-video-preview:-1\" \/>\n<link rel=\"canonical\" href=\"https:\/\/stuaalborg.dk\/index.php\/botraening\/\" \/>\n<meta property=\"og:locale\" content=\"da_DK\" \/>\n<meta property=\"og:type\" content=\"article\" \/>\n<meta property=\"og:title\" content=\"Botr\u00e6ning - STU Aalborg\" \/>\n<meta property=\"og:description\" content=\"FGU Aalborg tilbyder bo-tr\u00e6ning for unge mellem 17 og 25 \u00e5r, i en af institutionens tre bo-tr\u00e6ningsenheder efter Servicelovens \u00a7 52, 76 og 85\" \/>\n<meta property=\"og:url\" content=\"https:\/\/stuaalborg.dk\/index.php\/botraening\/\" \/>\n<meta property=\"og:site_name\" content=\"STU Aalborg\" \/>\n<meta property=\"article:modified_time\" content=\"2026-03-10T12:30:32+00:00\" \/>\n<meta property=\"og:image\" content=\"https:\/\/stuaalborg.dk\/wp-content\/uploads\/2022\/04\/STUlogo_pink.png\" \/>\n\t<meta property=\"og:image:width\" content=\"813\" \/>\n\t<meta property=\"og:image:height\" content=\"362\" \/>\n\t<meta property=\"og:image:type\" content=\"image\/png\" \/>\n<meta name=\"twitter:card\" content=\"summary_large_image\" \/>\n<meta name=\"twitter:label1\" content=\"Estimeret l\u00e6setid\" \/>\n\t<meta name=\"twitter:data1\" content=\"3 minutter\" \/>\n<script type=\"application\/ld+json\" class=\"yoast-schema-graph\">{\"@context\":\"https:\/\/schema.org\",\"@graph\":[{\"@type\":\"WebPage\",\"@id\":\"https:\/\/stuaalborg.dk\/index.php\/botraening\/\",\"url\":\"https:\/\/stuaalborg.dk\/index.php\/botraening\/\",\"name\":\"Botr\u00e6ning - STU Aalborg\",\"isPartOf\":{\"@id\":\"https:\/\/stuaalborg.dk\/#website\"},\"datePublished\":\"2022-10-25T08:54:51+00:00\",\"dateModified\":\"2026-03-10T12:30:32+00:00\",\"description\":\"FGU Aalborg tilbyder bo-tr\u00e6ning for unge mellem 17 og 25 \u00e5r, i en af institutionens tre bo-tr\u00e6ningsenheder efter Servicelovens \u00a7 52, 76 og 85\",\"breadcrumb\":{\"@id\":\"https:\/\/stuaalborg.dk\/index.php\/botraening\/#breadcrumb\"},\"inLanguage\":\"da-DK\",\"potentialAction\":[{\"@type\":\"ReadAction\",\"target\":[\"https:\/\/stuaalborg.dk\/index.php\/botraening\/\"]}]},{\"@type\":\"BreadcrumbList\",\"@id\":\"https:\/\/stuaalborg.dk\/index.php\/botraening\/#breadcrumb\",\"itemListElement\":[{\"@type\":\"ListItem\",\"position\":1,\"name\":\"Hjem\",\"item\":\"https:\/\/stuaalborg.dk\/\"},{\"@type\":\"ListItem\",\"position\":2,\"name\":\"Botr\u00e6ning\"}]},{\"@type\":\"WebSite\",\"@id\":\"https:\/\/stuaalborg.dk\/#website\",\"url\":\"https:\/\/stuaalborg.dk\/\",\"name\":\"STU Aalborg\",\"description\":\"En del af FGU Aalborg, selvom det ligger i Lille Vildmose\",\"potentialAction\":[{\"@type\":\"SearchAction\",\"target\":{\"@type\":\"EntryPoint\",\"urlTemplate\":\"https:\/\/stuaalborg.dk\/?s={search_term_string}\"},\"query-input\":{\"@type\":\"PropertyValueSpecification\",\"valueRequired\":true,\"valueName\":\"search_term_string\"}}],\"inLanguage\":\"da-DK\"}]}<\/script>\n<!-- \/ Yoast SEO plugin. -->","yoast_head_json":{"title":"Botr\u00e6ning - STU Aalborg","description":"FGU Aalborg tilbyder bo-tr\u00e6ning for unge mellem 17 og 25 \u00e5r, i en af institutionens tre bo-tr\u00e6ningsenheder efter Servicelovens \u00a7 52, 76 og 85","robots":{"index":"index","follow":"follow","max-snippet":"max-snippet:-1","max-image-preview":"max-image-preview:large","max-video-preview":"max-video-preview:-1"},"canonical":"https:\/\/stuaalborg.dk\/index.php\/botraening\/","og_locale":"da_DK","og_type":"article","og_title":"Botr\u00e6ning - STU Aalborg","og_description":"FGU Aalborg tilbyder bo-tr\u00e6ning for unge mellem 17 og 25 \u00e5r, i en af institutionens tre bo-tr\u00e6ningsenheder efter Servicelovens \u00a7 52, 76 og 85","og_url":"https:\/\/stuaalborg.dk\/index.php\/botraening\/","og_site_name":"STU Aalborg","article_modified_time":"2026-03-10T12:30:32+00:00","og_image":[{"width":813,"height":362,"url":"https:\/\/stuaalborg.dk\/wp-content\/uploads\/2022\/04\/STUlogo_pink.png","type":"image\/png"}],"twitter_card":"summary_large_image","twitter_misc":{"Estimeret l\u00e6setid":"3 minutter"},"schema":{"@context":"https:\/\/schema.org","@graph":[{"@type":"WebPage","@id":"https:\/\/stuaalborg.dk\/index.php\/botraening\/","url":"https:\/\/stuaalborg.dk\/index.php\/botraening\/","name":"Botr\u00e6ning - STU Aalborg","isPartOf":{"@id":"https:\/\/stuaalborg.dk\/#website"},"datePublished":"2022-10-25T08:54:51+00:00","dateModified":"2026-03-10T12:30:32+00:00","description":"FGU Aalborg tilbyder bo-tr\u00e6ning for unge mellem 17 og 25 \u00e5r, i en af institutionens tre bo-tr\u00e6ningsenheder efter Servicelovens \u00a7 52, 76 og 85","breadcrumb":{"@id":"https:\/\/stuaalborg.dk\/index.php\/botraening\/#breadcrumb"},"inLanguage":"da-DK","potentialAction":[{"@type":"ReadAction","target":["https:\/\/stuaalborg.dk\/index.php\/botraening\/"]}]},{"@type":"BreadcrumbList","@id":"https:\/\/stuaalborg.dk\/index.php\/botraening\/#breadcrumb","itemListElement":[{"@type":"ListItem","position":1,"name":"Hjem","item":"https:\/\/stuaalborg.dk\/"},{"@type":"ListItem","position":2,"name":"Botr\u00e6ning"}]},{"@type":"WebSite","@id":"https:\/\/stuaalborg.dk\/#website","url":"https:\/\/stuaalborg.dk\/","name":"STU Aalborg","description":"En del af FGU Aalborg, selvom det ligger i Lille Vildmose","potentialAction":[{"@type":"SearchAction","target":{"@type":"EntryPoint","urlTemplate":"https:\/\/stuaalborg.dk\/?s={search_term_string}"},"query-input":{"@type":"PropertyValueSpecification","valueRequired":true,"valueName":"search_term_string"}}],"inLanguage":"da-DK"}]}},"_links":{"self":[{"href":"https:\/\/stuaalborg.dk\/index.php\/wp-json\/wp\/v2\/pages\/379","targetHints":{"allow":["GET"]}}],"collection":[{"href":"https:\/\/stuaalborg.dk\/index.php\/wp-json\/wp\/v2\/pages"}],"about":[{"href":"https:\/\/stuaalborg.dk\/index.php\/wp-json\/wp\/v2\/types\/page"}],"author":[{"embeddable":true,"href":"https:\/\/stuaalborg.dk\/index.php\/wp-json\/wp\/v2\/users\/1"}],"replies":[{"embeddable":true,"href":"https:\/\/stuaalborg.dk\/index.php\/wp-json\/wp\/v2\/comments?post=379"}],"version-history":[{"count":0,"href":"https:\/\/stuaalborg.dk\/index.php\/wp-json\/wp\/v2\/pages\/379\/revisions"}],"wp:attachment":[{"href":"https:\/\/stuaalborg.dk\/index.php\/wp-json\/wp\/v2\/media?parent=379"}],"curies":[{"name":"wp","href":"https:\/\/api.w.org\/{rel}","templated":true}]}}